{"id":503,"date":"2025-12-17T09:53:08","date_gmt":"2025-12-17T09:53:08","guid":{"rendered":"urn:uuid:69dd3ab6-3e7d-4871-8d76-4c0466520bb7"},"modified":"2026-04-01T21:25:52","modified_gmt":"2026-04-01T21:25:52","slug":"kontakt","status":"publish","type":"page","link":"https:\/\/www.docebo.com\/de\/kontakt\/","title":{"rendered":"Kontakt"},"content":{"rendered":"\n<div class=\"wp-block-group section section--form-cta brcss-678eb350-mixiig49 is-layout-constrained wp-block-group-is-layout-constrained\" style=\"margin-top:var(--wp--preset--spacing--150);margin-bottom:var(--wp--preset--spacing--150)\">\n<div class=\"wp-block-columns is-layout-flex wp-container-core-columns-is-layout-7387b849 wp-block-columns-is-layout-flex\">\n<div class=\"wp-block-column brcss-28155a63-mhl9hwek is-layout-flow wp-block-column-is-layout-flow\" style=\"flex-basis:55%\">\n<h1 class=\"wp-block-heading brcss-0c425c74-mgtxmolm\">Kontaktieren Sie uns<\/h1>\n\n\n\n<p class=\"has-lead-paragraph-font-size wp-block-paragraph\">Docebo macht Lernen intuitiv und effektiv. Wir helfen Ihnen dabei.<\/p>\n<\/div>\n\n\n\n<div class=\"wp-block-column is-layout-flow wp-block-column-is-layout-flow\" style=\"flex-basis:45%\">\n<script charset=\"utf-8\" type=\"text\/javascript\" src=\"https:\/\/js.hsforms.net\/forms\/embed\/v2.js\"><\/script>\n\n<script>\n  hbspt.forms.create({\n    region: \"na1\",\n    portalId: \"2016752\",\n    formId: \"4df903b3-e6c8-40a2-bde9-a3c56fe44927\",\n  });\n<\/script>\n\n<script src=\"https:\/\/js.chilipiper.com\/marketing.js\" type=\"text\/javascript\"><\/script>\n\n<script>\n  var cpTenantDomain = \"docebo\";\n  var cpRouterName = \"german_router\";\n  var cpHSDataFormIDs = [\"4df903b3-e6c8-40a2-bde9-a3c56fe44927\"];\n\n  window.addEventListener(\"message\", function (event) {\n    if (cpHSDataFormIDs.length > 0 && !cpHSDataFormIDs.includes(event.data.id)) return;\n    if (event.data.type === \"hsFormCallback\" && event.data.eventName === \"onFormSubmitted\") {\n      var lead = event.data.data.submissionValues;\n      for (var key in lead) {\n        if (Array.isArray(lead[key])) {\n          lead[key] = lead[key].toString().replaceAll(\",\", \";\");\n        }\n      }\n      ChiliPiper.submit(cpTenantDomain, cpRouterName, { map: true, lead: lead });\n    }\n  });\n<\/script>\n\n\n<\/div>\n<\/div>\n<\/div>\n\n\n\n\n\n<div class=\"wp-block-group section section--resources brcss-431c3369-mixidfsg is-layout-constrained wp-block-group-is-layout-constrained\" style=\"margin-top:var(--wp--preset--spacing--150);margin-bottom:var(--wp--preset--spacing--150)\">\n<h2 class=\"wp-block-heading\">Ressourcen<\/h2>\n\n\n\n<div class=\"wp-block-columns is-layout-flex wp-container-core-columns-is-layout-7387b849 wp-block-columns-is-layout-flex\">\n<div class=\"wp-block-column is-layout-flow wp-block-column-is-layout-flow\">\n<div class=\"wp-block-group is-vertical is-layout-flex wp-container-core-group-is-layout-7391ad9a wp-block-group-is-layout-flex\" style=\"min-height:100%\">\n<div class=\"wp-block-group is-layout-constrained wp-block-group-is-layout-constrained\">\n<h3 class=\"wp-block-heading has-h-4-font-size\">Support<\/h3>\n\n\n\n<p class=\"wp-block-paragraph\" style=\"margin-top:var(--wp--preset--spacing--30);margin-bottom:var(--wp--preset--spacing--30)\">F\u00fcr Hilfe, Unterst\u00fctzung und Produktaktualisierungen.<\/p>\n<\/div>\n\n\n\n<div class=\"wp-block-buttons is-layout-flex wp-block-buttons-is-layout-flex\">\n<div class=\"wp-block-button is-style-link\"><a class=\"wp-block-button__link has-text-color has-link-color wp-element-button\" href=\"https:\/\/help.docebo.com\/hc\/de\" style=\"color:var(--wp--custom--colors--accent)\" target=\"_blank\" rel=\"noreferrer noopener\">Wissensdatenbank<\/a><\/div>\n<\/div>\n<\/div>\n<\/div>\n\n\n\n<div class=\"wp-block-column is-layout-flow wp-block-column-is-layout-flow\">\n<div class=\"wp-block-group is-vertical is-layout-flex wp-container-core-group-is-layout-7391ad9a wp-block-group-is-layout-flex\" style=\"min-height:100%\">\n<div class=\"wp-block-group is-layout-constrained wp-block-group-is-layout-constrained\">\n<h3 class=\"wp-block-heading has-h-4-font-size\">Partnerschaften<\/h3>\n\n\n\n<p class=\"wp-block-paragraph\" style=\"margin-top:var(--wp--preset--spacing--30);margin-bottom:var(--wp--preset--spacing--30)\">F\u00fcr Partnerschaftsprogramme und -anfragen.<\/p>\n<\/div>\n\n\n\n<div class=\"wp-block-buttons is-layout-flex wp-block-buttons-is-layout-flex\">\n<div class=\"wp-block-button is-style-link\"><a class=\"wp-block-button__link has-text-color has-link-color wp-element-button\" href=\"\/de\/partners\/\" style=\"color:var(--wp--custom--colors--accent)\">Partner-Seite<\/a><\/div>\n<\/div>\n<\/div>\n<\/div>\n\n\n\n<div class=\"wp-block-column is-layout-flow wp-block-column-is-layout-flow\">\n<div class=\"wp-block-group is-vertical is-layout-flex wp-container-core-group-is-layout-7391ad9a wp-block-group-is-layout-flex\" style=\"min-height:100%\">\n<div class=\"wp-block-group is-layout-constrained wp-block-group-is-layout-constrained\">\n<h3 class=\"wp-block-heading has-h-4-font-size\">Investoren<\/h3>\n\n\n\n<p class=\"wp-block-paragraph\" style=\"margin-top:var(--wp--preset--spacing--30);margin-bottom:var(--wp--preset--spacing--30)\">Dokumente f\u00fcr Investoren und Aktieninformationen.<\/p>\n<\/div>\n\n\n\n<div class=\"wp-block-buttons is-layout-flex wp-block-buttons-is-layout-flex\">\n<div class=\"wp-block-button is-style-link\"><a class=\"wp-block-button__link has-text-color has-link-color wp-element-button\" href=\"https:\/\/www.docebo.inc\/home\/default.aspx\" style=\"color:var(--wp--custom--colors--accent)\" target=\"_blank\" rel=\"noreferrer noopener\">Investor Relations<\/a><\/div>\n<\/div>\n<\/div>\n<\/div>\n\n\n\n<div class=\"wp-block-column is-layout-flow wp-block-column-is-layout-flow\">\n<div class=\"wp-block-group is-vertical is-layout-flex wp-container-core-group-is-layout-7391ad9a wp-block-group-is-layout-flex\" style=\"min-height:100%\">\n<div class=\"wp-block-group is-layout-constrained wp-block-group-is-layout-constrained\">\n<h3 class=\"wp-block-heading has-h-4-font-size\">Demo anfordern<\/h3>\n\n\n\n<p class=\"wp-block-paragraph\" style=\"margin-top:var(--wp--preset--spacing--30);margin-bottom:var(--wp--preset--spacing--30)\">Setzen Sie sich mit dem Vertrieb in Verbindung, um unser Produkt in Aktion zu sehen.<\/p>\n<\/div>\n\n\n\n<div class=\"wp-block-buttons is-layout-flex wp-block-buttons-is-layout-flex\">\n<div class=\"wp-block-button is-style-link\"><a class=\"wp-block-button__link has-text-color has-link-color wp-element-button\" href=\"\/de\/demo\/\" style=\"color:var(--wp--custom--colors--accent)\">Demo anfordern<\/a><\/div>\n<\/div>\n<\/div>\n<\/div>\n<\/div>\n<\/div>\n\n\n\n<div class=\"wp-block-group brcss-38ba9b4c-mixiejir is-layout-constrained wp-block-group-is-layout-constrained\" style=\"margin-top:var(--wp--preset--spacing--150);margin-bottom:var(--wp--preset--spacing--150)\">\n<div class=\"wp-block-group brcss-289080b4-mhw4dsiy is-vertical is-content-justification-center is-layout-flex wp-container-core-group-is-layout-5dbf50ed wp-block-group-is-layout-flex\" style=\"margin-top:var(--wp--preset--spacing--150);margin-bottom:var(--wp--preset--spacing--150)\">\n<h2 class=\"wp-block-heading has-text-align-center has-special-gothic-font-family has-h-3-font-size\">Eine Lernplattform. Unendliche M\u00f6glichkeiten.<\/h2>\n\n\n\n<div class=\"wp-block-group section section--social-proof-logo-grid logo-grid-social-proof brcss-1fc4263b-mi4ovtgs is-layout-constrained wp-block-group-is-layout-constrained\" style=\"margin-top:0;margin-bottom:0\">\n<figure class=\"wp-block-gallery has-nested-images columns-6 wp-block-gallery-1 is-layout-flex wp-block-gallery-is-layout-flex\">\n<figure class=\"wp-block-image size-large has-custom-border is-style-monotone\"><img decoding=\"async\" data-id=\"179\" src=\"https:\/\/www.docebo.com\/uploads\/2025\/11\/zoom.svg\" alt=\"\" class=\"wp-image-179\" style=\"border-top-left-radius:var(--wp--preset--border-radius--none);border-top-right-radius:var(--wp--preset--border-radius--none);border-bottom-left-radius:var(--wp--preset--border-radius--none);border-bottom-right-radius:var(--wp--preset--border-radius--none)\"\/><\/figure>\n\n\n\n<figure class=\"wp-block-image size-large is-style-monotone\"><img decoding=\"async\" data-id=\"182\" src=\"https:\/\/www.docebo.com\/uploads\/2025\/11\/Booking.com_.svg\" alt=\"\" class=\"wp-image-182\"\/><\/figure>\n\n\n\n<figure class=\"wp-block-image size-large is-style-monotone\"><img decoding=\"async\" data-id=\"465\" src=\"https:\/\/www.docebo.com\/uploads\/sites\/2\/2025\/12\/Rexel_logo.svg\" alt=\"\" class=\"wp-image-465\"\/><\/figure>\n\n\n\n<figure class=\"wp-block-image size-large is-style-monotone\"><img decoding=\"async\" data-id=\"466\" src=\"https:\/\/www.docebo.com\/uploads\/sites\/2\/2025\/12\/PwC_Logo.svg\" alt=\"\" class=\"wp-image-466\"\/><\/figure>\n\n\n\n<figure class=\"wp-block-image size-large is-style-monotone\"><img decoding=\"async\" data-id=\"467\" src=\"https:\/\/www.docebo.com\/uploads\/sites\/2\/2025\/12\/Valentino_logo.svg\" alt=\"\" class=\"wp-image-467\"\/><\/figure>\n\n\n\n<figure class=\"wp-block-image size-large is-style-monotone\"><img decoding=\"async\" data-id=\"468\" src=\"https:\/\/www.docebo.com\/uploads\/sites\/2\/2025\/12\/DeLonghi_logo.svg\" alt=\"\" class=\"wp-image-468\"\/><\/figure>\n\n\n\n<figure class=\"wp-block-image size-large is-style-monotone\"><img decoding=\"async\" data-id=\"469\" src=\"https:\/\/www.docebo.com\/uploads\/sites\/2\/2025\/12\/Ubisoft_logo.svg\" alt=\"\" class=\"wp-image-469\"\/><\/figure>\n\n\n\n<figure class=\"wp-block-image size-large is-style-monotone\"><img decoding=\"async\" data-id=\"471\" src=\"https:\/\/www.docebo.com\/uploads\/sites\/2\/2025\/11\/McLaren_Automotive_logo.svg\" alt=\"\" class=\"wp-image-471\"\/><\/figure>\n\n\n\n<figure class=\"wp-block-image size-large is-style-monotone\"><img decoding=\"async\" data-id=\"472\" src=\"https:\/\/www.docebo.com\/uploads\/sites\/2\/2025\/12\/Visma_logo.svg\" alt=\"\" class=\"wp-image-472\"\/><\/figure>\n\n\n\n<figure class=\"wp-block-image size-large is-style-monotone\"><img decoding=\"async\" data-id=\"473\" src=\"https:\/\/www.docebo.com\/uploads\/sites\/2\/2025\/12\/ATR_logo.svg\" alt=\"\" class=\"wp-image-473\"\/><\/figure>\n\n\n\n<figure class=\"wp-block-image size-large is-style-monotone\"><img decoding=\"async\" data-id=\"474\" src=\"https:\/\/www.docebo.com\/uploads\/sites\/2\/2025\/12\/MaxMara_logo.svg\" alt=\"\" class=\"wp-image-474\"\/><\/figure>\n\n\n\n<figure class=\"wp-block-image size-large is-style-monotone\"><img decoding=\"async\" data-id=\"476\" src=\"https:\/\/www.docebo.com\/tachyon\/sites\/2\/2025\/12\/ducati_logo.png\" alt=\"\" class=\"wp-image-476\"\/><\/figure>\n<\/figure>\n<\/div>\n<\/div>\n<\/div>\n\n\n\n<div class=\"wp-block-group section section--resources brcss-e8ea18b6-mjhcv197 is-layout-constrained wp-block-group-is-layout-constrained\" style=\"margin-top:var(--wp--preset--spacing--150);margin-bottom:var(--wp--preset--spacing--150)\">\n<h2 class=\"wp-block-heading\">Unsere Standorte<\/h2>\n\n\n\n<div class=\"wp-block-group grid-4-3-1 is-layout-grid wp-container-core-group-is-layout-987cefe3 wp-block-group-is-layout-grid\">\n<div class=\"wp-block-group is-vertical is-layout-flex wp-container-core-group-is-layout-7391ad9a wp-block-group-is-layout-flex\" style=\"min-height:100%\">\n<div class=\"wp-block-group is-layout-constrained wp-block-group-is-layout-constrained\">\n<h3 class=\"wp-block-heading has-h-4-font-size\">Docebo Inc.<\/h3>\n\n\n\n<p class=\"wp-block-paragraph\" style=\"margin-top:var(--wp--preset--spacing--30);margin-bottom:var(--wp--preset--spacing--30)\">55 York Street \u2013 12th floor, Toronto, ON M5J 1R7, Canada \u2013 Business Number \u2013 77293 3529<\/p>\n<\/div>\n<\/div>\n\n\n\n<div class=\"wp-block-group is-vertical is-layout-flex wp-container-core-group-is-layout-7391ad9a wp-block-group-is-layout-flex\" style=\"min-height:100%\">\n<div class=\"wp-block-group is-layout-constrained wp-block-group-is-layout-constrained\">\n<h3 class=\"wp-block-heading has-h-4-font-size\">Docebo NA, Inc.<\/h3>\n\n\n\n<p class=\"wp-block-paragraph\" style=\"margin-top:var(--wp--preset--spacing--30);margin-bottom:var(--wp--preset--spacing--30)\">600 N. Thomas Street, Suite A, Athens, GA 30601, USA \u2013 FEIN 46-3427175<\/p>\n<\/div>\n<\/div>\n\n\n\n<div class=\"wp-block-group is-vertical is-layout-flex wp-container-core-group-is-layout-7391ad9a wp-block-group-is-layout-flex\" style=\"min-height:100%\">\n<div class=\"wp-block-group is-layout-constrained wp-block-group-is-layout-constrained\">\n<h3 class=\"wp-block-heading has-h-4-font-size\">Docebo S.p.A.<\/h3>\n\n\n\n<p class=\"wp-block-paragraph\" style=\"margin-top:var(--wp--preset--spacing--30);margin-bottom:var(--wp--preset--spacing--30)\">Via Parco, 47, 20853 Biassono MB, Italy \u2013 VAT-CF: 04793690969<\/p>\n<\/div>\n<\/div>\n\n\n\n<div class=\"wp-block-group is-vertical is-layout-flex wp-container-core-group-is-layout-7391ad9a wp-block-group-is-layout-flex\" style=\"min-height:100%\">\n<div class=\"wp-block-group is-layout-constrained wp-block-group-is-layout-constrained\">\n<h3 class=\"wp-block-heading has-h-4-font-size\">Docebo EMEA FZ-LLC<\/h3>\n\n\n\n<p class=\"wp-block-paragraph\" style=\"margin-top:var(--wp--preset--spacing--30);margin-bottom:var(--wp--preset--spacing--30)\">DOC Building 07, Unit X-63, Dubai \u2013 UAE \u2013 License No. 92416<\/p>\n<\/div>\n<\/div>\n\n\n\n<div class=\"wp-block-group is-vertical is-layout-flex wp-container-core-group-is-layout-7391ad9a wp-block-group-is-layout-flex\" style=\"min-height:100%\">\n<div class=\"wp-block-group is-layout-constrained wp-block-group-is-layout-constrained\">\n<h3 class=\"wp-block-heading has-h-4-font-size\">Docebo UK Limited<\/h3>\n\n\n\n<p class=\"wp-block-paragraph\" style=\"margin-top:var(--wp--preset--spacing--30);margin-bottom:var(--wp--preset--spacing--30)\">6th Floor, 48 Gracechurch Street, London EC3V 0EJ, UK \u2013 VAT: GB277237870<\/p>\n<\/div>\n<\/div>\n\n\n\n<div class=\"wp-block-group is-vertical is-layout-flex wp-container-core-group-is-layout-7391ad9a wp-block-group-is-layout-flex\" style=\"min-height:100%\">\n<div class=\"wp-block-group is-layout-constrained wp-block-group-is-layout-constrained\">\n<h3 class=\"wp-block-heading has-h-4-font-size\">Docebo France SAS<\/h3>\n\n\n\n<p class=\"wp-block-paragraph\" style=\"margin-top:var(--wp--preset--spacing--30);margin-bottom:var(--wp--preset--spacing--30)\">64\/66 Rue des Archives \u2013 Tenant SAS, 75003 Paris, France \u2013 Registration N\u00b0: 48019148500055 \u2013 VAT N\u00b0: FR16480191485<\/p>\n<\/div>\n<\/div>\n\n\n\n<div class=\"wp-block-group is-vertical is-layout-flex wp-container-core-group-is-layout-7391ad9a wp-block-group-is-layout-flex\" style=\"min-height:100%\">\n<div class=\"wp-block-group is-layout-constrained wp-block-group-is-layout-constrained\">\n<h3 class=\"wp-block-heading has-h-4-font-size\">Docebo Australia Pty Ltd<\/h3>\n\n\n\n<p class=\"wp-block-paragraph\" style=\"margin-top:var(--wp--preset--spacing--30);margin-bottom:var(--wp--preset--spacing--30)\">245 St Kilda Road, St Kilda Victoria 3182, Australia \u2013 ABN: 81 610 041 882<\/p>\n<\/div>\n<\/div>\n\n\n\n<div class=\"wp-block-group is-vertical is-layout-flex wp-container-core-group-is-layout-7391ad9a wp-block-group-is-layout-flex\" style=\"min-height:100%\">\n<div class=\"wp-block-group is-layout-constrained wp-block-group-is-layout-constrained\">\n<h3 class=\"wp-block-heading has-h-4-font-size\">Docebo Dach GmbH<\/h3>\n\n\n\n<p class=\"wp-block-paragraph\" style=\"margin-top:var(--wp--preset--spacing--30);margin-bottom:var(--wp--preset--spacing--30)\">Am Zirkus 2, 10117 Berlin, Germany<\/p>\n<\/div>\n<\/div>\n<\/div>\n<\/div>\n","protected":false},"excerpt":{"rendered":"<p>Kontaktieren Sie uns Docebo macht Lernen intuitiv und effektiv. Wir helfen Ihnen dabei. AUGENBRAUEN Kontaktieren Sie uns Docebo macht Lernen intuitiv und effektiv. Wir helfen Ihnen dabei. Ressourcen Support F\u00fcr Hilfe, Unterst\u00fctzung und Produktaktualisierungen. Partnerschaften F\u00fcr Partnerschaftsprogramme und -anfragen. Investoren Dokumente f\u00fcr Investoren und Aktieninformationen. Demo anfordern Setzen Sie sich mit dem Vertrieb in Verbindung, um unser Produkt in Aktion zu sehen. Eine Lernplattform. Unendliche M\u00f6glichkeiten. Unsere Standorte Docebo Inc. 55 York Street \u2013 12th floor, Toronto, ON M5J 1R7, Canada \u2013 Business Number \u2013 77293 3529 Docebo NA, Inc. 600 N. Thomas Street, Suite A, Athens, GA 30601, USA \u2013 [&hellip;]<\/p>\n","protected":false},"author":2,"featured_media":0,"parent":0,"menu_order":0,"comment_status":"closed","ping_status":"closed","template":"","meta":{"alternate_url":"","alternate_url_open_new_tab":false,"_crdt_document":"","_trash_the_other_posts":false,"editor_notices":[],"footnotes":""},"class_list":["post-503","page","type-page","status-publish","hentry"],"yoast_head":"<!-- This site is optimized with the Yoast SEO plugin v26.9 - https:\/\/yoast.com\/product\/yoast-seo-wordpress\/ -->\n<title>Kontakt | Docebo<\/title>\n<meta name=\"description\" content=\"Docebo Kontakt | Docebo macht Lernen intuitiv und effektiv \u2013 und wir sind hier, um zu helfen.\" \/>\n<meta name=\"robots\" content=\"index, follow, max-snippet:-1, max-image-preview:large, max-video-preview:-1\" \/>\n<link rel=\"canonical\" href=\"https:\/\/www.docebo.com\/de\/kontakt\/\" \/>\n<meta property=\"og:locale\" content=\"de_DE\" \/>\n<meta property=\"og:type\" content=\"article\" \/>\n<meta property=\"og:title\" content=\"Kontakt | Docebo\" \/>\n<meta property=\"og:description\" content=\"Docebo Kontakt | Docebo macht Lernen intuitiv und effektiv \u2013 und wir sind hier, um zu helfen.\" \/>\n<meta property=\"og:url\" content=\"https:\/\/www.docebo.com\/de\/kontakt\/\" \/>\n<meta property=\"og:site_name\" content=\"Docebo\" \/>\n<meta property=\"article:publisher\" content=\"https:\/\/www.facebook.com\/Docebo\/\" \/>\n<meta property=\"article:modified_time\" content=\"2026-04-01T21:25:52+00:00\" \/>\n<meta name=\"twitter:card\" content=\"summary_large_image\" \/>\n<meta name=\"twitter:label1\" content=\"Est. reading time\" \/>\n\t<meta name=\"twitter:data1\" content=\"3\u00a0Minuten\" \/>\n<script type=\"application\/ld+json\" class=\"yoast-schema-graph\">{\"@context\":\"https:\/\/schema.org\",\"@graph\":[{\"@type\":\"WebPage\",\"@id\":\"https:\/\/www.docebo.com\/de\/kontakt\/\",\"url\":\"https:\/\/www.docebo.com\/de\/kontakt\/\",\"name\":\"Kontakt | Docebo\",\"isPartOf\":{\"@id\":\"https:\/\/www.docebo.com\/de\/#website\"},\"datePublished\":\"2025-12-17T09:53:08+00:00\",\"dateModified\":\"2026-04-01T21:25:52+00:00\",\"description\":\"Docebo Kontakt | Docebo macht Lernen intuitiv und effektiv \u2013 und wir sind hier, um zu helfen.\",\"breadcrumb\":{\"@id\":\"https:\/\/www.docebo.com\/de\/kontakt\/#breadcrumb\"},\"inLanguage\":\"de\",\"potentialAction\":[{\"@type\":\"ReadAction\",\"target\":[\"https:\/\/www.docebo.com\/de\/kontakt\/\"]}]},{\"@type\":\"BreadcrumbList\",\"@id\":\"https:\/\/www.docebo.com\/de\/kontakt\/#breadcrumb\",\"itemListElement\":[{\"@type\":\"ListItem\",\"position\":1,\"name\":\"Home\",\"item\":\"https:\/\/www.docebo.com\/de\/\"},{\"@type\":\"ListItem\",\"position\":2,\"name\":\"Kontakt\"}]},{\"@type\":\"WebSite\",\"@id\":\"https:\/\/www.docebo.com\/de\/#website\",\"url\":\"https:\/\/www.docebo.com\/de\/\",\"name\":\"Docebo\",\"description\":\"\",\"publisher\":{\"@id\":\"https:\/\/www.docebo.com\/de\/#organization\"},\"potentialAction\":[{\"@type\":\"SearchAction\",\"target\":{\"@type\":\"EntryPoint\",\"urlTemplate\":\"https:\/\/www.docebo.com\/de\/?s={search_term_string}\"},\"query-input\":{\"@type\":\"PropertyValueSpecification\",\"valueRequired\":true,\"valueName\":\"search_term_string\"}}],\"inLanguage\":\"de\"},{\"@type\":\"Organization\",\"@id\":\"https:\/\/www.docebo.com\/de\/#organization\",\"name\":\"Docebo\",\"url\":\"https:\/\/www.docebo.com\/de\/\",\"logo\":{\"@type\":\"ImageObject\",\"inLanguage\":\"de\",\"@id\":\"https:\/\/www.docebo.com\/de\/#\/schema\/logo\/image\/\",\"url\":\"https:\/\/www.docebo.com\/uploads\/sites\/2\/2025\/11\/logo-blue.svg\",\"contentUrl\":\"https:\/\/www.docebo.com\/uploads\/sites\/2\/2025\/11\/logo-blue.svg\",\"width\":392,\"height\":80,\"caption\":\"Docebo\"},\"image\":{\"@id\":\"https:\/\/www.docebo.com\/de\/#\/schema\/logo\/image\/\"},\"sameAs\":[\"https:\/\/www.facebook.com\/Docebo\/\",\"https:\/\/www.youtube.com\/@DoceboLMS\",\"https:\/\/www.linkedin.com\/company\/docebo\/\"]}]}<\/script>\n<!-- \/ Yoast SEO plugin. -->","yoast_head_json":{"title":"Kontakt | Docebo","description":"Docebo Kontakt | Docebo macht Lernen intuitiv und effektiv \u2013 und wir sind hier, um zu helfen.","robots":{"index":"index","follow":"follow","max-snippet":"max-snippet:-1","max-image-preview":"max-image-preview:large","max-video-preview":"max-video-preview:-1"},"canonical":"https:\/\/www.docebo.com\/de\/kontakt\/","og_locale":"de_DE","og_type":"article","og_title":"Kontakt | Docebo","og_description":"Docebo Kontakt | Docebo macht Lernen intuitiv und effektiv \u2013 und wir sind hier, um zu helfen.","og_url":"https:\/\/www.docebo.com\/de\/kontakt\/","og_site_name":"Docebo","article_publisher":"https:\/\/www.facebook.com\/Docebo\/","article_modified_time":"2026-04-01T21:25:52+00:00","twitter_card":"summary_large_image","twitter_misc":{"Est. reading time":"3\u00a0Minuten"},"schema":{"@context":"https:\/\/schema.org","@graph":[{"@type":"WebPage","@id":"https:\/\/www.docebo.com\/de\/kontakt\/","url":"https:\/\/www.docebo.com\/de\/kontakt\/","name":"Kontakt | Docebo","isPartOf":{"@id":"https:\/\/www.docebo.com\/de\/#website"},"datePublished":"2025-12-17T09:53:08+00:00","dateModified":"2026-04-01T21:25:52+00:00","description":"Docebo Kontakt | Docebo macht Lernen intuitiv und effektiv \u2013 und wir sind hier, um zu helfen.","breadcrumb":{"@id":"https:\/\/www.docebo.com\/de\/kontakt\/#breadcrumb"},"inLanguage":"de","potentialAction":[{"@type":"ReadAction","target":["https:\/\/www.docebo.com\/de\/kontakt\/"]}]},{"@type":"BreadcrumbList","@id":"https:\/\/www.docebo.com\/de\/kontakt\/#breadcrumb","itemListElement":[{"@type":"ListItem","position":1,"name":"Home","item":"https:\/\/www.docebo.com\/de\/"},{"@type":"ListItem","position":2,"name":"Kontakt"}]},{"@type":"WebSite","@id":"https:\/\/www.docebo.com\/de\/#website","url":"https:\/\/www.docebo.com\/de\/","name":"Docebo","description":"","publisher":{"@id":"https:\/\/www.docebo.com\/de\/#organization"},"potentialAction":[{"@type":"SearchAction","target":{"@type":"EntryPoint","urlTemplate":"https:\/\/www.docebo.com\/de\/?s={search_term_string}"},"query-input":{"@type":"PropertyValueSpecification","valueRequired":true,"valueName":"search_term_string"}}],"inLanguage":"de"},{"@type":"Organization","@id":"https:\/\/www.docebo.com\/de\/#organization","name":"Docebo","url":"https:\/\/www.docebo.com\/de\/","logo":{"@type":"ImageObject","inLanguage":"de","@id":"https:\/\/www.docebo.com\/de\/#\/schema\/logo\/image\/","url":"https:\/\/www.docebo.com\/uploads\/sites\/2\/2025\/11\/logo-blue.svg","contentUrl":"https:\/\/www.docebo.com\/uploads\/sites\/2\/2025\/11\/logo-blue.svg","width":392,"height":80,"caption":"Docebo"},"image":{"@id":"https:\/\/www.docebo.com\/de\/#\/schema\/logo\/image\/"},"sameAs":["https:\/\/www.facebook.com\/Docebo\/","https:\/\/www.youtube.com\/@DoceboLMS","https:\/\/www.linkedin.com\/company\/docebo\/"]}]}},"_links":{"self":[{"href":"https:\/\/www.docebo.com\/de\/wp-json\/wp\/v2\/pages\/503","targetHints":{"allow":["GET"]}}],"collection":[{"href":"https:\/\/www.docebo.com\/de\/wp-json\/wp\/v2\/pages"}],"about":[{"href":"https:\/\/www.docebo.com\/de\/wp-json\/wp\/v2\/types\/page"}],"author":[{"embeddable":true,"href":"https:\/\/www.docebo.com\/de\/wp-json\/wp\/v2\/users\/2"}],"replies":[{"embeddable":true,"href":"https:\/\/www.docebo.com\/de\/wp-json\/wp\/v2\/comments?post=503"}],"version-history":[{"count":13,"href":"https:\/\/www.docebo.com\/de\/wp-json\/wp\/v2\/pages\/503\/revisions"}],"predecessor-version":[{"id":2477,"href":"https:\/\/www.docebo.com\/de\/wp-json\/wp\/v2\/pages\/503\/revisions\/2477"}],"wp:attachment":[{"href":"https:\/\/www.docebo.com\/de\/wp-json\/wp\/v2\/media?parent=503"}],"curies":[{"name":"wp","href":"https:\/\/api.w.org\/{rel}","templated":true}]}}