{"id":874,"date":"2025-12-19T00:38:52","date_gmt":"2025-12-19T00:38:52","guid":{"rendered":"urn:uuid:09ea1d1e-6169-498c-8190-7b0461f6f03a"},"modified":"2026-01-07T21:55:54","modified_gmt":"2026-01-07T21:55:54","slug":"blog","status":"publish","type":"page","link":"https:\/\/www.docebo.com\/de\/learning-network\/blog\/","title":{"rendered":"Blog"},"content":{"rendered":"\n<div class=\"wp-block-group alignfull template template--industries-light is-style-light-accent has-neutral-light-background-color has-background is-layout-flow wp-block-group-is-layout-flow\">\n<div class=\"wp-block-group brcss-3c5353fb-mjd5o4fq is-layout-constrained wp-block-group-is-layout-constrained\" style=\"margin-top:var(--wp--preset--spacing--150);margin-bottom:var(--wp--preset--spacing--150)\">\n<div class=\"wp-block-group is-nowrap is-layout-flex wp-container-core-group-is-layout-7387b849 wp-block-group-is-layout-flex\">\n<div class=\"wp-block-group has-neutral-lightest-background-color has-background wp-container-content-9cfa9a5a is-layout-constrained wp-block-group-is-layout-constrained\" style=\"border-top-left-radius:var(--wp--preset--border-radius--sm);border-top-right-radius:var(--wp--preset--border-radius--sm);border-bottom-left-radius:var(--wp--preset--border-radius--sm);border-bottom-right-radius:var(--wp--preset--border-radius--sm)\">\n<div data-wp-interactive=\"query-filter\" data-wp-router-region=\"query-20\" class=\"wp-block-query is-layout-constrained wp-block-query-is-layout-constrained\">\n<div class=\"wp-block-group eyebrow is-nowrap is-layout-flex wp-container-core-group-is-layout-2f83363d wp-block-group-is-layout-flex\" data-c9-animate=\"fadeUp\" data-c9-animate-delay=\"0\" data-c9-animate-speed=\"500\" data-c9-animate-scrub=\"false\" data-c9-animate-custom=\"{&quot;before&quot;:{&quot;y&quot;:8},&quot;after&quot;:{}}\">\n<hr class=\"wp-block-separator has-text-color has-blue-light-color has-alpha-channel-opacity has-blue-light-background-color has-background wp-container-content-c42f3963\" style=\"background-color:var(--wp--custom--colors--accent)\"\/>\n\n\n\n<p class=\"has-neutral-dark-color has-text-color has-link-color has-ibm-plex-mono-font-family has-body-small-font-size wp-elements-2c0cd10943d0b16d3d2527e5a2b7dc7b wp-block-paragraph\">Der Docebo-drip<\/p>\n<\/div>\n\n\n<ul class=\"wp-block-post-template is-layout-flow wp-block-post-template-is-layout-flow\"><li class=\"wp-block-post post-2075 post type-post status-publish format-standard hentry category-uncategorized\">\n<h3 class=\"wp-block-post-title\"><a href=\"https:\/\/www.docebo.com\/de\/learning-network\/blog\/warum-docebo-365talents-uebernommen-hat\/\" target=\"_self\" >Von Skill-Insights zur Skill-Umsetzung: Warum Docebo 365Talents \u00fcbernommen hat<\/a><\/h3>\n\n<div class=\"wp-block-post-excerpt\"><p class=\"wp-block-post-excerpt__excerpt\">Inhaltsverzeichnis Im Folgenden finden Sie meine Einsch\u00e4tzung zur \u00dcbernahme sowie zu deren Bedeutung f\u00fcr die zuk\u00fcnftige Entwicklung. Alternativ lade ich Sie ein, am 19. Februar an einer Live-Diskussion mit Lo\u00efc Michel, CEO von 365Talents, und mir teilzunehmen, in der wir einen Ausblick auf die n\u00e4chsten Schritte geben. Im vergangenen Jahr&hellip; <a class=\"wp-block-post-excerpt__more-link\" href=\"https:\/\/www.docebo.com\/de\/learning-network\/blog\/warum-docebo-365talents-uebernommen-hat\/\">(Read More)<\/a><\/p><\/div>\n\n<div style=\"font-style:normal;font-weight:600;\" class=\"wp-block-post-author-name has-body-small-font-size\">Alessio Artuffo<\/div>\n\n\n<div class=\"wp-block-group is-nowrap is-layout-flex wp-container-core-group-is-layout-7387b849 wp-block-group-is-layout-flex\"><div class=\"wp-block-post-date has-body-small-font-size\"><time datetime=\"2026-02-04T15:09:55+00:00\">Februar 4, 2026<\/time><\/div>\n\n<div class=\"wp-block-post-time-to-read has-body-small-font-size\">6\u20139 Minuten<\/div><\/div>\n\n<\/li><\/ul><\/div>\n<\/div>\n\n\n<\/div>\n<\/div>\n\n\n\n<div class=\"wp-block-group section section--post-grid brcss-c82ec047-mj1xxvmt is-layout-constrained wp-block-group-is-layout-constrained\" style=\"margin-top:var(--wp--preset--spacing--150);margin-bottom:var(--wp--preset--spacing--150)\">\n<h2 class=\"wp-block-heading has-text-color has-blue-darkest-color\">Neueste<\/h2>\n\n\n\n<div data-wp-interactive=\"query-filter\" data-wp-router-region=\"query-1\" class=\"wp-block-query alignwide post-grid-section is-layout-constrained wp-block-query-is-layout-constrained\"><ul class=\"columns-4 post-grid wp-block-post-template is-layout-grid wp-container-core-post-template-is-layout-b2db8d24 wp-block-post-template-is-layout-grid\"><li class=\"wp-block-post post-2075 post type-post status-publish format-standard hentry category-uncategorized\">\n\n<div class=\"wp-block-group is-vertical is-content-justification-stretch is-layout-flex wp-container-core-group-is-layout-0f0cf5a4 wp-block-group-is-layout-flex\"><h3 style=\"font-size:clamp(14px, 0.875rem + ((1vw - 3.2px) * 0.208), 16px);font-weight:700;\" class=\"has-link-color wp-elements-f0196e115351181b43f37449f871ed11 wp-block-post-title has-text-color has-blue-darkest-color has-figtree-font-family\"><a href=\"https:\/\/www.docebo.com\/de\/learning-network\/blog\/warum-docebo-365talents-uebernommen-hat\/\" target=\"_self\" >Von Skill-Insights zur Skill-Umsetzung: Warum Docebo 365Talents \u00fcbernommen hat<\/a><\/h3>\n\n<div class=\"wp-block-post-excerpt\"><p class=\"wp-block-post-excerpt__excerpt\">&hellip; <a class=\"wp-block-post-excerpt__more-link\" href=\"https:\/\/www.docebo.com\/de\/learning-network\/blog\/warum-docebo-365talents-uebernommen-hat\/\">mehr lesen<\/a><\/p><\/div><\/div>\n\n<\/li><li class=\"wp-block-post post-815 post type-post status-publish format-standard hentry category-learning-technology-trends category-uncategorized\">\n\n<div class=\"wp-block-group is-vertical is-content-justification-stretch is-layout-flex wp-container-core-group-is-layout-0f0cf5a4 wp-block-group-is-layout-flex\"><h3 style=\"font-size:clamp(14px, 0.875rem + ((1vw - 3.2px) * 0.208), 16px);font-weight:700;\" class=\"has-link-color wp-elements-f0196e115351181b43f37449f871ed11 wp-block-post-title has-text-color has-blue-darkest-color has-figtree-font-family\"><a href=\"https:\/\/www.docebo.com\/de\/learning-network\/blog\/lms-baubranche\/\" target=\"_self\" >Die 10 besten LMS-Plattformen f\u00fcr die Baubranche im Jahr 2025<\/a><\/h3>\n\n<div class=\"wp-block-post-excerpt\"><p class=\"wp-block-post-excerpt__excerpt\">&hellip; <a class=\"wp-block-post-excerpt__more-link\" href=\"https:\/\/www.docebo.com\/de\/learning-network\/blog\/lms-baubranche\/\">mehr lesen<\/a><\/p><\/div><\/div>\n\n<\/li><li class=\"wp-block-post post-818 post type-post status-publish format-standard hentry category-learning-technology-trends category-uncategorized\">\n\n<div class=\"wp-block-group is-vertical is-content-justification-stretch is-layout-flex wp-container-core-group-is-layout-0f0cf5a4 wp-block-group-is-layout-flex\"><h3 style=\"font-size:clamp(14px, 0.875rem + ((1vw - 3.2px) * 0.208), 16px);font-weight:700;\" class=\"has-link-color wp-elements-f0196e115351181b43f37449f871ed11 wp-block-post-title has-text-color has-blue-darkest-color has-figtree-font-family\"><a href=\"https:\/\/www.docebo.com\/de\/learning-network\/blog\/social-learning-plattformen\/\" target=\"_self\" >Die 10 besten Plattformen f\u00fcr soziales Lernen f\u00fcr Unternehmen (mit echten Bewertungen)<\/a><\/h3>\n\n<div class=\"wp-block-post-excerpt\"><p class=\"wp-block-post-excerpt__excerpt\">&hellip; <a class=\"wp-block-post-excerpt__more-link\" href=\"https:\/\/www.docebo.com\/de\/learning-network\/blog\/social-learning-plattformen\/\">mehr lesen<\/a><\/p><\/div><\/div>\n\n<\/li><li class=\"wp-block-post post-817 post type-post status-publish format-standard hentry category-lms-buy-in category-uncategorized\">\n\n<div class=\"wp-block-group is-vertical is-content-justification-stretch is-layout-flex wp-container-core-group-is-layout-0f0cf5a4 wp-block-group-is-layout-flex\"><h3 style=\"font-size:clamp(14px, 0.875rem + ((1vw - 3.2px) * 0.208), 16px);font-weight:700;\" class=\"has-link-color wp-elements-f0196e115351181b43f37449f871ed11 wp-block-post-title has-text-color has-blue-darkest-color has-figtree-font-family\"><a href=\"https:\/\/www.docebo.com\/de\/learning-network\/blog\/360learning-alternativen\/\" target=\"_self\" >360Learning \u2013 die besten Alternativen und Mitbewerber<\/a><\/h3>\n\n<div class=\"wp-block-post-excerpt\"><p class=\"wp-block-post-excerpt__excerpt\">&hellip; <a class=\"wp-block-post-excerpt__more-link\" href=\"https:\/\/www.docebo.com\/de\/learning-network\/blog\/360learning-alternativen\/\">mehr lesen<\/a><\/p><\/div><\/div>\n\n<\/li><li class=\"wp-block-post post-814 post type-post status-publish format-standard hentry category-lms-buy-in category-uncategorized\">\n\n<div class=\"wp-block-group is-vertical is-content-justification-stretch is-layout-flex wp-container-core-group-is-layout-0f0cf5a4 wp-block-group-is-layout-flex\"><h3 style=\"font-size:clamp(14px, 0.875rem + ((1vw - 3.2px) * 0.208), 16px);font-weight:700;\" class=\"has-link-color wp-elements-f0196e115351181b43f37449f871ed11 wp-block-post-title has-text-color has-blue-darkest-color has-figtree-font-family\"><a href=\"https:\/\/www.docebo.com\/de\/learning-network\/blog\/lernplattformen-fur-unternehmen\/\" target=\"_self\" >Die 15 besten Lernmanagement-Systeme f\u00fcr Unternehmen 2025<\/a><\/h3>\n\n<div class=\"wp-block-post-excerpt\"><p class=\"wp-block-post-excerpt__excerpt\">&hellip; <a class=\"wp-block-post-excerpt__more-link\" href=\"https:\/\/www.docebo.com\/de\/learning-network\/blog\/lernplattformen-fur-unternehmen\/\">mehr lesen<\/a><\/p><\/div><\/div>\n\n<\/li><li class=\"wp-block-post post-819 post type-post status-publish format-standard hentry category-learning-culture-magazine category-uncategorized tag-saas\">\n\n<div class=\"wp-block-group is-vertical is-content-justification-stretch is-layout-flex wp-container-core-group-is-layout-0f0cf5a4 wp-block-group-is-layout-flex\"><h3 style=\"font-size:clamp(14px, 0.875rem + ((1vw - 3.2px) * 0.208), 16px);font-weight:700;\" class=\"has-link-color wp-elements-f0196e115351181b43f37449f871ed11 wp-block-post-title has-text-color has-blue-darkest-color has-figtree-font-family\"><a href=\"https:\/\/www.docebo.com\/de\/learning-network\/blog\/saas-lms\/\" target=\"_self\" >SaaS\u2011LMS: Leitfaden\u202ff\u00fcr SaaS\u2011Lernmanagementsysteme<\/a><\/h3>\n\n<div class=\"wp-block-post-excerpt\"><p class=\"wp-block-post-excerpt__excerpt\">&hellip; <a class=\"wp-block-post-excerpt__more-link\" href=\"https:\/\/www.docebo.com\/de\/learning-network\/blog\/saas-lms\/\">mehr lesen<\/a><\/p><\/div><\/div>\n\n<\/li><li class=\"wp-block-post post-820 post type-post status-publish format-standard hentry category-learning-culture-magazine category-uncategorized\">\n\n<div class=\"wp-block-group is-vertical is-content-justification-stretch is-layout-flex wp-container-core-group-is-layout-0f0cf5a4 wp-block-group-is-layout-flex\"><h3 style=\"font-size:clamp(14px, 0.875rem + ((1vw - 3.2px) * 0.208), 16px);font-weight:700;\" class=\"has-link-color wp-elements-f0196e115351181b43f37449f871ed11 wp-block-post-title has-text-color has-blue-darkest-color has-figtree-font-family\"><a href=\"https:\/\/www.docebo.com\/de\/learning-network\/blog\/10-wichtige-best-practices-fuer-das-kunden-onboarding\/\" target=\"_self\" >10&nbsp;wichtige Best Practices f\u00fcr das Kunden-Onboarding<\/a><\/h3>\n\n<div class=\"wp-block-post-excerpt\"><p class=\"wp-block-post-excerpt__excerpt\">&hellip; <a class=\"wp-block-post-excerpt__more-link\" href=\"https:\/\/www.docebo.com\/de\/learning-network\/blog\/10-wichtige-best-practices-fuer-das-kunden-onboarding\/\">mehr lesen<\/a><\/p><\/div><\/div>\n\n<\/li><li class=\"wp-block-post post-816 post type-post status-publish format-standard hentry category-digital-learning-trends category-uncategorized tag-artificial-intelligence tag-learning-technology-solutions tag-lms\">\n\n<div class=\"wp-block-group is-vertical is-content-justification-stretch is-layout-flex wp-container-core-group-is-layout-0f0cf5a4 wp-block-group-is-layout-flex\"><h3 style=\"font-size:clamp(14px, 0.875rem + ((1vw - 3.2px) * 0.208), 16px);font-weight:700;\" class=\"has-link-color wp-elements-f0196e115351181b43f37449f871ed11 wp-block-post-title has-text-color has-blue-darkest-color has-figtree-font-family\"><a href=\"https:\/\/www.docebo.com\/de\/learning-network\/blog\/ki-lms\/\" target=\"_self\" >LMS und k\u00fcnstliche Intelligenz: Wie E-Learning mit KI verbessert werden kann<\/a><\/h3>\n\n<div class=\"wp-block-post-excerpt\"><p class=\"wp-block-post-excerpt__excerpt\">&hellip; <a class=\"wp-block-post-excerpt__more-link\" href=\"https:\/\/www.docebo.com\/de\/learning-network\/blog\/ki-lms\/\">mehr lesen<\/a><\/p><\/div><\/div>\n\n<\/li><li class=\"wp-block-post post-821 post type-post status-publish format-standard hentry category-learning-culture-magazine category-uncategorized\">\n\n<div class=\"wp-block-group is-vertical is-content-justification-stretch is-layout-flex wp-container-core-group-is-layout-0f0cf5a4 wp-block-group-is-layout-flex\"><h3 style=\"font-size:clamp(14px, 0.875rem + ((1vw - 3.2px) * 0.208), 16px);font-weight:700;\" class=\"has-link-color wp-elements-f0196e115351181b43f37449f871ed11 wp-block-post-title has-text-color has-blue-darkest-color has-figtree-font-family\"><a href=\"https:\/\/www.docebo.com\/de\/learning-network\/blog\/zeigen-sie-die-positiven-geschaeftlichen-auswirkungen-ihres-kundenschulungsprogramms-eindruecklich-auf\/\" target=\"_self\" >Zeigen Sie die positiven gesch\u00e4ftlichen Auswirkungen Ihres Kundenschulungsprogramms eindr\u00fccklich auf!<\/a><\/h3>\n\n<div class=\"wp-block-post-excerpt\"><p class=\"wp-block-post-excerpt__excerpt\">&hellip; <a class=\"wp-block-post-excerpt__more-link\" href=\"https:\/\/www.docebo.com\/de\/learning-network\/blog\/zeigen-sie-die-positiven-geschaeftlichen-auswirkungen-ihres-kundenschulungsprogramms-eindruecklich-auf\/\">mehr lesen<\/a><\/p><\/div><\/div>\n\n<\/li><li class=\"wp-block-post post-822 post type-post status-publish format-standard hentry category-learning-culture-magazine category-uncategorized\">\n\n<div class=\"wp-block-group is-vertical is-content-justification-stretch is-layout-flex wp-container-core-group-is-layout-0f0cf5a4 wp-block-group-is-layout-flex\"><h3 style=\"font-size:clamp(14px, 0.875rem + ((1vw - 3.2px) * 0.208), 16px);font-weight:700;\" class=\"has-link-color wp-elements-f0196e115351181b43f37449f871ed11 wp-block-post-title has-text-color has-blue-darkest-color has-figtree-font-family\"><a href=\"https:\/\/www.docebo.com\/de\/learning-network\/blog\/die-24-wichtigsten-lms-funktionen-die-komplette-liste\/\" target=\"_self\" >Die 24 wichtigsten LMS-Funktionen: die komplette Liste<\/a><\/h3>\n\n<div class=\"wp-block-post-excerpt\"><p class=\"wp-block-post-excerpt__excerpt\">&hellip; <a class=\"wp-block-post-excerpt__more-link\" href=\"https:\/\/www.docebo.com\/de\/learning-network\/blog\/die-24-wichtigsten-lms-funktionen-die-komplette-liste\/\">mehr lesen<\/a><\/p><\/div><\/div>\n\n<\/li><\/ul>\n\n\n\n<\/div>\n<\/div>\n<\/div>\n","protected":false},"excerpt":{"rendered":"<p>Neueste<\/p>\n","protected":false},"author":37,"featured_media":0,"parent":872,"menu_order":0,"comment_status":"closed","ping_status":"closed","template":"","meta":{"alternate_url":"","alternate_url_open_new_tab":false,"_crdt_document":"","_trash_the_other_posts":false,"editor_notices":[],"footnotes":""},"class_list":["post-874","page","type-page","status-publish","hentry"],"yoast_head":"<!-- This site is optimized with the Yoast SEO plugin v26.9 - https:\/\/yoast.com\/product\/yoast-seo-wordpress\/ -->\n<title>Blog - Docebo<\/title>\n<meta name=\"robots\" content=\"index, follow, max-snippet:-1, max-image-preview:large, max-video-preview:-1\" \/>\n<link rel=\"canonical\" href=\"https:\/\/www.docebo.com\/de\/learning-network\/blog\/\" \/>\n<meta property=\"og:locale\" content=\"de_DE\" \/>\n<meta property=\"og:type\" content=\"article\" \/>\n<meta property=\"og:title\" content=\"Blog - Docebo\" \/>\n<meta property=\"og:description\" content=\"Neueste\" \/>\n<meta property=\"og:url\" content=\"https:\/\/www.docebo.com\/de\/learning-network\/blog\/\" \/>\n<meta property=\"og:site_name\" content=\"Docebo\" \/>\n<meta property=\"article:publisher\" content=\"https:\/\/www.facebook.com\/Docebo\/\" \/>\n<meta property=\"article:modified_time\" content=\"2026-01-07T21:55:54+00:00\" \/>\n<meta name=\"twitter:card\" content=\"summary_large_image\" \/>\n<meta name=\"twitter:label1\" content=\"Est. reading time\" \/>\n\t<meta name=\"twitter:data1\" content=\"1\u00a0Minute\" \/>\n<script type=\"application\/ld+json\" class=\"yoast-schema-graph\">{\"@context\":\"https:\/\/schema.org\",\"@graph\":[{\"@type\":\"WebPage\",\"@id\":\"https:\/\/www.docebo.com\/de\/learning-network\/blog\/\",\"url\":\"https:\/\/www.docebo.com\/de\/learning-network\/blog\/\",\"name\":\"Blog - Docebo\",\"isPartOf\":{\"@id\":\"https:\/\/www.docebo.com\/de\/#website\"},\"datePublished\":\"2025-12-19T00:38:52+00:00\",\"dateModified\":\"2026-01-07T21:55:54+00:00\",\"breadcrumb\":{\"@id\":\"https:\/\/www.docebo.com\/de\/learning-network\/blog\/#breadcrumb\"},\"inLanguage\":\"de\",\"potentialAction\":[{\"@type\":\"ReadAction\",\"target\":[\"https:\/\/www.docebo.com\/de\/learning-network\/blog\/\"]}]},{\"@type\":\"BreadcrumbList\",\"@id\":\"https:\/\/www.docebo.com\/de\/learning-network\/blog\/#breadcrumb\",\"itemListElement\":[{\"@type\":\"ListItem\",\"position\":1,\"name\":\"Home\",\"item\":\"https:\/\/www.docebo.com\/de\/\"},{\"@type\":\"ListItem\",\"position\":2,\"name\":\"Learning Network\",\"item\":\"https:\/\/www.docebo.com\/de\/learning-network\/\"},{\"@type\":\"ListItem\",\"position\":3,\"name\":\"Blog\"}]},{\"@type\":\"WebSite\",\"@id\":\"https:\/\/www.docebo.com\/de\/#website\",\"url\":\"https:\/\/www.docebo.com\/de\/\",\"name\":\"Docebo\",\"description\":\"\",\"publisher\":{\"@id\":\"https:\/\/www.docebo.com\/de\/#organization\"},\"potentialAction\":[{\"@type\":\"SearchAction\",\"target\":{\"@type\":\"EntryPoint\",\"urlTemplate\":\"https:\/\/www.docebo.com\/de\/?s={search_term_string}\"},\"query-input\":{\"@type\":\"PropertyValueSpecification\",\"valueRequired\":true,\"valueName\":\"search_term_string\"}}],\"inLanguage\":\"de\"},{\"@type\":\"Organization\",\"@id\":\"https:\/\/www.docebo.com\/de\/#organization\",\"name\":\"Docebo\",\"url\":\"https:\/\/www.docebo.com\/de\/\",\"logo\":{\"@type\":\"ImageObject\",\"inLanguage\":\"de\",\"@id\":\"https:\/\/www.docebo.com\/de\/#\/schema\/logo\/image\/\",\"url\":\"https:\/\/www.docebo.com\/uploads\/sites\/2\/2025\/11\/logo-blue.svg\",\"contentUrl\":\"https:\/\/www.docebo.com\/uploads\/sites\/2\/2025\/11\/logo-blue.svg\",\"width\":392,\"height\":80,\"caption\":\"Docebo\"},\"image\":{\"@id\":\"https:\/\/www.docebo.com\/de\/#\/schema\/logo\/image\/\"},\"sameAs\":[\"https:\/\/www.facebook.com\/Docebo\/\",\"https:\/\/www.youtube.com\/@DoceboLMS\",\"https:\/\/www.linkedin.com\/company\/docebo\/\"]}]}<\/script>\n<!-- \/ Yoast SEO plugin. -->","yoast_head_json":{"title":"Blog - Docebo","robots":{"index":"index","follow":"follow","max-snippet":"max-snippet:-1","max-image-preview":"max-image-preview:large","max-video-preview":"max-video-preview:-1"},"canonical":"https:\/\/www.docebo.com\/de\/learning-network\/blog\/","og_locale":"de_DE","og_type":"article","og_title":"Blog - Docebo","og_description":"Neueste","og_url":"https:\/\/www.docebo.com\/de\/learning-network\/blog\/","og_site_name":"Docebo","article_publisher":"https:\/\/www.facebook.com\/Docebo\/","article_modified_time":"2026-01-07T21:55:54+00:00","twitter_card":"summary_large_image","twitter_misc":{"Est. reading time":"1\u00a0Minute"},"schema":{"@context":"https:\/\/schema.org","@graph":[{"@type":"WebPage","@id":"https:\/\/www.docebo.com\/de\/learning-network\/blog\/","url":"https:\/\/www.docebo.com\/de\/learning-network\/blog\/","name":"Blog - Docebo","isPartOf":{"@id":"https:\/\/www.docebo.com\/de\/#website"},"datePublished":"2025-12-19T00:38:52+00:00","dateModified":"2026-01-07T21:55:54+00:00","breadcrumb":{"@id":"https:\/\/www.docebo.com\/de\/learning-network\/blog\/#breadcrumb"},"inLanguage":"de","potentialAction":[{"@type":"ReadAction","target":["https:\/\/www.docebo.com\/de\/learning-network\/blog\/"]}]},{"@type":"BreadcrumbList","@id":"https:\/\/www.docebo.com\/de\/learning-network\/blog\/#breadcrumb","itemListElement":[{"@type":"ListItem","position":1,"name":"Home","item":"https:\/\/www.docebo.com\/de\/"},{"@type":"ListItem","position":2,"name":"Learning Network","item":"https:\/\/www.docebo.com\/de\/learning-network\/"},{"@type":"ListItem","position":3,"name":"Blog"}]},{"@type":"WebSite","@id":"https:\/\/www.docebo.com\/de\/#website","url":"https:\/\/www.docebo.com\/de\/","name":"Docebo","description":"","publisher":{"@id":"https:\/\/www.docebo.com\/de\/#organization"},"potentialAction":[{"@type":"SearchAction","target":{"@type":"EntryPoint","urlTemplate":"https:\/\/www.docebo.com\/de\/?s={search_term_string}"},"query-input":{"@type":"PropertyValueSpecification","valueRequired":true,"valueName":"search_term_string"}}],"inLanguage":"de"},{"@type":"Organization","@id":"https:\/\/www.docebo.com\/de\/#organization","name":"Docebo","url":"https:\/\/www.docebo.com\/de\/","logo":{"@type":"ImageObject","inLanguage":"de","@id":"https:\/\/www.docebo.com\/de\/#\/schema\/logo\/image\/","url":"https:\/\/www.docebo.com\/uploads\/sites\/2\/2025\/11\/logo-blue.svg","contentUrl":"https:\/\/www.docebo.com\/uploads\/sites\/2\/2025\/11\/logo-blue.svg","width":392,"height":80,"caption":"Docebo"},"image":{"@id":"https:\/\/www.docebo.com\/de\/#\/schema\/logo\/image\/"},"sameAs":["https:\/\/www.facebook.com\/Docebo\/","https:\/\/www.youtube.com\/@DoceboLMS","https:\/\/www.linkedin.com\/company\/docebo\/"]}]}},"_links":{"self":[{"href":"https:\/\/www.docebo.com\/de\/wp-json\/wp\/v2\/pages\/874","targetHints":{"allow":["GET"]}}],"collection":[{"href":"https:\/\/www.docebo.com\/de\/wp-json\/wp\/v2\/pages"}],"about":[{"href":"https:\/\/www.docebo.com\/de\/wp-json\/wp\/v2\/types\/page"}],"author":[{"embeddable":true,"href":"https:\/\/www.docebo.com\/de\/wp-json\/wp\/v2\/users\/37"}],"replies":[{"embeddable":true,"href":"https:\/\/www.docebo.com\/de\/wp-json\/wp\/v2\/comments?post=874"}],"version-history":[{"count":10,"href":"https:\/\/www.docebo.com\/de\/wp-json\/wp\/v2\/pages\/874\/revisions"}],"predecessor-version":[{"id":1795,"href":"https:\/\/www.docebo.com\/de\/wp-json\/wp\/v2\/pages\/874\/revisions\/1795"}],"up":[{"embeddable":true,"href":"https:\/\/www.docebo.com\/de\/wp-json\/wp\/v2\/pages\/872"}],"wp:attachment":[{"href":"https:\/\/www.docebo.com\/de\/wp-json\/wp\/v2\/media?parent=874"}],"curies":[{"name":"wp","href":"https:\/\/api.w.org\/{rel}","templated":true}]}}