{"id":3126,"date":"2026-02-24T15:42:45","date_gmt":"2026-02-24T15:42:45","guid":{"rendered":"urn:uuid:9b4ac37c-7b3a-40c4-83b5-e581aef96ca5"},"modified":"2026-02-24T15:42:46","modified_gmt":"2026-02-24T15:42:46","slug":"evenements","status":"publish","type":"page","link":"https:\/\/www.docebo.com\/fr\/evenements\/","title":{"rendered":"\u00c9v\u00e9nements"},"content":{"rendered":"\n<div class=\"wp-block-cover is-style-dark-section is-style-dark-section--1\"><img decoding=\"async\" class=\"wp-block-cover__image-background wp-image-3837 size-full\" alt=\"Urban, Accessories, Glasses\" src=\"https:\/\/www.docebo.com\/tachyon\/sites\/2\/2025\/12\/events-hero.png\" style=\"object-position:48% 7%\" data-object-fit=\"cover\" data-object-position=\"48% 7%\" \/><span aria-hidden=\"true\" class=\"wp-block-cover__background has-background-dim-0 has-background-dim\" style=\"background-color:#6b4b61\"><\/span><div class=\"wp-block-cover__inner-container is-layout-constrained wp-block-cover-is-layout-constrained\">\n<header class=\"wp-block-group section section--hero-internal hero-internal brcss-ed66be35-mj0m53i1 is-layout-constrained wp-block-group-is-layout-constrained\" style=\"margin-top:var(--wp--preset--spacing--150);margin-bottom:var(--wp--preset--spacing--150)\">\n<div class=\"wp-block-group is-vertical is-layout-flex wp-container-core-group-is-layout-2c90304e wp-block-group-is-layout-flex\" data-c9-animate=\"fade\" data-c9-animate-delay=\"0\" data-c9-animate-speed=\"2000\" data-c9-animate-scrub=\"false\" data-c9-animate-custom=\"{&quot;before&quot;:{},&quot;after&quot;:{}}\">\n<div class=\"wp-block-group eyebrow is-nowrap is-layout-flex wp-container-core-group-is-layout-2f83363d wp-block-group-is-layout-flex\" data-c9-animate=\"fadeUp\" data-c9-animate-delay=\"0\" data-c9-animate-speed=\"500\" data-c9-animate-scrub=\"false\" data-c9-animate-custom=\"{&quot;before&quot;:{&quot;y&quot;:8},&quot;after&quot;:{}}\">\n<hr class=\"wp-block-separator has-text-color has-blue-light-color has-alpha-channel-opacity has-blue-light-background-color has-background wp-container-content-c42f3963\" style=\"background-color:var(--wp--custom--colors--accent)\" \/>\n\n\n\n<p class=\"has-neutral-base-color has-text-color has-link-color has-ibm-plex-mono-font-family has-body-small-font-size wp-elements-749e94ea0f45f16c45f3bd14b5add897 wp-block-paragraph\" style=\"font-style:normal;font-weight:600\">Docebo en tourn\u00e9e<\/p>\n<\/div>\n<\/div>\n\n\n\n<h1 class=\"wp-block-heading has-neutral-lightest-color has-text-color has-link-color has-display-font-size wp-elements-f43fbac5ba2bfee9e886f25e873b64fb\" style=\"margin-top:var(--wp--preset--spacing--40);margin-bottom:var(--wp--preset--spacing--40)\" data-c9-animate=\"wordByWordFade\" data-c9-animate-ease=\"steps(12)\" data-c9-animate-delay=\"100\" data-c9-animate-speed=\"500\" data-c9-animate-scrub=\"false\" data-c9-animate-custom=\"{&quot;before&quot;:{},&quot;after&quot;:{}}\">Les \u00e9v\u00e9nements Docebo pr\u00e8s de chez vous<\/h1>\n<\/header>\n<\/div><\/div>\n\n\n\n<div class=\"wp-block-group is-layout-constrained wp-block-group-is-layout-constrained\" style=\"margin-top:var(--wp--preset--spacing--150);margin-bottom:var(--wp--preset--spacing--150)\">\n<div class=\"section section--events-grid wp-block-phoenix-events-grid\" data-ajax-url=\"https:\/\/www.docebo.com\/fr\/wp-admin\/admin-ajax.php\">\n\t\t\t<div class=\"events-grid__filters\">\n\t\t\t\t\t\t\t<select class=\"events-grid__filter\" data-filter=\"event-type\">\n\t\t\t\t\t<option value=\"\">Tous les types d&#039;\u00e9v\u00e9nement<\/option>\n\t\t\t\t\t\t\t\t\t\t\t<option value=\"conferences-salons\" >Conf\u00e9rences &amp; salons<\/option>\n\t\t\t\t\t\t\t\t\t<\/select>\n\t\t\t\t\t\t\t\t\t\t<select class=\"events-grid__filter\" data-filter=\"event-location\">\n\t\t\t\t\t<option value=\"\">Toutes les r\u00e9gions<\/option>\n\t\t\t\t\t\t\t\t\t\t\t<option value=\"amerique-du-nord\" >Am\u00e9rique du Nord<\/option>\n\t\t\t\t\t\t\t\t\t\t\t<option value=\"europe\" >Europe<\/option>\n\t\t\t\t\t\t\t\t\t\t\t<option value=\"uk\" >Royaume-Uni<\/option>\n\t\t\t\t\t\t\t\t\t<\/select>\n\t\t\t\t\t<\/div>\n\t\n\t\t\t<div class=\"events-grid\">\n\t\t\t\t\t\t\t<a href=\"https:\/\/inspire.docebo.com\/\" class=\"events-grid__item\">\n\t\t\t\t\t\t\t\t\t\t\t<div class=\"events-grid__image\">\n\t\t\t\t\t\t\t<img loading=\"lazy\" decoding=\"async\" width=\"300\" height=\"208\" src=\"https:\/\/www.docebo.com\/tachyon\/sites\/2\/2026\/02\/florida.webp?fit=300%2C300\" class=\"attachment-medium size-medium wp-post-image\" alt=\"\" \/>\t\t\t\t\t\t<\/div>\n\t\t\t\t\t\t\t\t\t\t<div class=\"events-grid__content\">\n\t\t\t\t\t\t<h3 class=\"events-grid__title\">Inspire 2026<\/h3>\n\t\t\t\t\t\t<p class=\"events-grid__date\">avril 20-24, 2026<\/p>\n\t\t\t\t\t\t\t\t\t\t\t\t\t<p class=\"events-grid__address\">Fontainebleau Miami Beach<\/p>\n\t\t\t\t\t\t\t\t\t\t\t<\/div>\n\t\t\t\t<\/a>\n\t\t\t\t\t\t\t<a href=\"https:\/\/www.learningtechnologies.co.uk\/\" class=\"events-grid__item\">\n\t\t\t\t\t\t\t\t\t\t\t<div class=\"events-grid__image\">\n\t\t\t\t\t\t\t<img loading=\"lazy\" decoding=\"async\" width=\"300\" height=\"208\" src=\"https:\/\/www.docebo.com\/tachyon\/sites\/2\/2026\/02\/london.webp?fit=300%2C300\" class=\"attachment-medium size-medium wp-post-image\" alt=\"\" \/>\t\t\t\t\t\t<\/div>\n\t\t\t\t\t\t\t\t\t\t<div class=\"events-grid__content\">\n\t\t\t\t\t\t<h3 class=\"events-grid__title\">Learning Technologies UK<\/h3>\n\t\t\t\t\t\t<p class=\"events-grid__date\">avril 29-30, 2026<\/p>\n\t\t\t\t\t\t\t\t\t\t\t\t\t<p class=\"events-grid__address\">Excel London<\/p>\n\t\t\t\t\t\t\t\t\t\t\t<\/div>\n\t\t\t\t<\/a>\n\t\t\t\t\t\t\t<a href=\"https:\/\/www.learntec.de\/en\/\" class=\"events-grid__item\">\n\t\t\t\t\t\t\t\t\t\t\t<div class=\"events-grid__image\">\n\t\t\t\t\t\t\t<img loading=\"lazy\" decoding=\"async\" width=\"300\" height=\"208\" src=\"https:\/\/www.docebo.com\/tachyon\/sites\/2\/2026\/02\/germany.webp?fit=300%2C300\" class=\"attachment-medium size-medium wp-post-image\" alt=\"\" \/>\t\t\t\t\t\t<\/div>\n\t\t\t\t\t\t\t\t\t\t<div class=\"events-grid__content\">\n\t\t\t\t\t\t<h3 class=\"events-grid__title\">LEARNTEC<\/h3>\n\t\t\t\t\t\t<p class=\"events-grid__date\">mai 5-7, 2026<\/p>\n\t\t\t\t\t\t\t\t\t\t\t\t\t<p class=\"events-grid__address\">Messe Karlsruhe, Rheinstetten, Allemagne<\/p>\n\t\t\t\t\t\t\t\t\t\t\t<\/div>\n\t\t\t\t<\/a>\n\t\t\t\t\t\t\t<a href=\"https:\/\/atdconference.td.org\/\" class=\"events-grid__item\">\n\t\t\t\t\t\t\t\t\t\t\t<div class=\"events-grid__image\">\n\t\t\t\t\t\t\t<img loading=\"lazy\" decoding=\"async\" width=\"300\" height=\"208\" src=\"https:\/\/www.docebo.com\/tachyon\/sites\/2\/2026\/02\/los-angeles.webp?fit=300%2C300\" class=\"attachment-medium size-medium wp-post-image\" alt=\"\" \/>\t\t\t\t\t\t<\/div>\n\t\t\t\t\t\t\t\t\t\t<div class=\"events-grid__content\">\n\t\t\t\t\t\t<h3 class=\"events-grid__title\">ATD International Conference &amp; EXPO<\/h3>\n\t\t\t\t\t\t<p class=\"events-grid__date\">mai 17-20, 2026<\/p>\n\t\t\t\t\t\t\t\t\t\t\t\t\t<p class=\"events-grid__address\">Los Angeles Convention Center<\/p>\n\t\t\t\t\t\t\t\t\t\t\t<\/div>\n\t\t\t\t<\/a>\n\t\t\t\t\t\t\t<a href=\"https:\/\/www.hrtechnologyconference.com\/\" class=\"events-grid__item\">\n\t\t\t\t\t\t\t\t\t\t\t<div class=\"events-grid__image\">\n\t\t\t\t\t\t\t<img loading=\"lazy\" decoding=\"async\" width=\"300\" height=\"208\" src=\"https:\/\/www.docebo.com\/tachyon\/sites\/2\/2026\/02\/las-vegas-2.webp?fit=300%2C300\" class=\"attachment-medium size-medium wp-post-image\" alt=\"\" \/>\t\t\t\t\t\t<\/div>\n\t\t\t\t\t\t\t\t\t\t<div class=\"events-grid__content\">\n\t\t\t\t\t\t<h3 class=\"events-grid__title\">HR Tech 2026<\/h3>\n\t\t\t\t\t\t<p class=\"events-grid__date\">octobre 20-26, 2026<\/p>\n\t\t\t\t\t\t\t\t\t\t\t\t\t<p class=\"events-grid__address\">Mandala Bay Las Vegas<\/p>\n\t\t\t\t\t\t\t\t\t\t\t<\/div>\n\t\t\t\t<\/a>\n\t\t\t\t\t\t\t<a href=\"https:\/\/www.unleash.ai\/unleashworld\/\" class=\"events-grid__item\">\n\t\t\t\t\t\t\t\t\t\t\t<div class=\"events-grid__image\">\n\t\t\t\t\t\t\t<img loading=\"lazy\" decoding=\"async\" width=\"300\" height=\"208\" src=\"https:\/\/www.docebo.com\/tachyon\/sites\/2\/2026\/02\/paris.webp?fit=300%2C300\" class=\"attachment-medium size-medium wp-post-image\" alt=\"\" \/>\t\t\t\t\t\t<\/div>\n\t\t\t\t\t\t\t\t\t\t<div class=\"events-grid__content\">\n\t\t\t\t\t\t<h3 class=\"events-grid__title\">Unleash World<\/h3>\n\t\t\t\t\t\t<p class=\"events-grid__date\">octobre 20-22, 2026<\/p>\n\t\t\t\t\t\t\t\t\t\t\t\t\t<p class=\"events-grid__address\">Paris Convention Centre<\/p>\n\t\t\t\t\t\t\t\t\t\t\t<\/div>\n\t\t\t\t<\/a>\n\t\t\t\t\t\t\t<a href=\"https:\/\/devlearn.com\/\" class=\"events-grid__item\">\n\t\t\t\t\t\t\t\t\t\t\t<div class=\"events-grid__image\">\n\t\t\t\t\t\t\t<img loading=\"lazy\" decoding=\"async\" width=\"300\" height=\"208\" src=\"https:\/\/www.docebo.com\/tachyon\/sites\/2\/2026\/02\/las-vegas.webp?fit=300%2C300\" class=\"attachment-medium size-medium wp-post-image\" alt=\"\" \/>\t\t\t\t\t\t<\/div>\n\t\t\t\t\t\t\t\t\t\t<div class=\"events-grid__content\">\n\t\t\t\t\t\t<h3 class=\"events-grid__title\">DevLearn 2026<\/h3>\n\t\t\t\t\t\t<p class=\"events-grid__date\">novembre 4-6, 2026<\/p>\n\t\t\t\t\t\t\t\t\t\t\t\t\t<p class=\"events-grid__address\">MGM Grand Las Vegas<\/p>\n\t\t\t\t\t\t\t\t\t\t\t<\/div>\n\t\t\t\t<\/a>\n\t\t\t\t\t<\/div>\n\t\t\t<\/div>\n<\/div>\n\n\n\n<div class=\"wp-block-cover is-light section--footer-cta footer-cta-section\" style=\"margin-top:var(--wp--preset--spacing--140);padding-top:0;padding-right:0;padding-bottom:0;padding-left:0\"><img decoding=\"async\" class=\"wp-block-cover__image-background size-large\" alt=\"\" src=\"https:\/\/www.docebo.com\/content\/themes\/phoenix\/patterns\/assets\/footer-cta-background.jpg\" data-object-fit=\"cover\" \/><span aria-hidden=\"true\" class=\"wp-block-cover__background has-background-dim\" style=\"background-color:#dacacb\"><\/span><div class=\"wp-block-cover__inner-container is-layout-flow wp-block-cover-is-layout-flow\">\n<div class=\"wp-block-group portal-section lottie-container overlay-content is-layout-constrained wp-container-core-group-is-layout-c22b544c wp-block-group-is-layout-constrained\" style=\"padding-right:var(--wp--preset--spacing--140);padding-left:var(--wp--preset--spacing--140)\">\n<h2 class=\"wp-block-heading has-text-align-center has-blue-darkest-color has-text-color has-link-color has-display-font-size wp-elements-1fad7c6d41b883aa401ec4aeb12e80b9\" data-c9-animate=\"wordByWordFade\" data-c9-animate-delay=\"0\" data-c9-animate-speed=\"500\" data-c9-animate-scrub=\"false\" data-c9-animate-custom=\"{&quot;before&quot;:{},&quot;after&quot;:{}}\">Vous ne pouvez pas vous d\u00e9placer ?<\/h2>\n\n\n\n<p class=\"has-text-align-center has-lead-paragraph-font-size wp-block-paragraph\" data-c9-animate=\"fade\" data-c9-animate-delay=\"0\" data-c9-animate-speed=\"2000\" data-c9-animate-scrub=\"false\" data-c9-animate-custom=\"{&quot;before&quot;:{},&quot;after&quot;:{}}\">Pas de probl\u00e8me. Suivez nos webinaires en direct ou en replay : des sessions concr\u00e8tes, avec des retours terrain et des strat\u00e9gies actionnables d\u00e8s le lendemain.<\/p>\n\n\n\n<div class=\"wp-block-buttons is-content-justification-center is-layout-flex wp-container-core-buttons-is-layout-3e41869c wp-block-buttons-is-layout-flex\">\n<div class=\"wp-block-button\" data-c9-animate=\"scaleFade\" data-c9-animate-delay=\"0\" data-c9-animate-speed=\"500\" data-c9-animate-scrub=\"false\" data-c9-animate-custom=\"{&quot;before&quot;:{},&quot;after&quot;:{}}\"><a class=\"wp-block-button__link wp-element-button\" href=\"\/webinars\/\">Explorer les webinaires<\/a><\/div>\n<\/div>\n<\/div>\n<\/div><\/div>\n","protected":false},"excerpt":{"rendered":"","protected":false},"author":37,"featured_media":0,"parent":0,"menu_order":0,"comment_status":"closed","ping_status":"closed","template":"","meta":{"alternate_url":"","alternate_url_open_new_tab":false,"_crdt_document":"","_trash_the_other_posts":false,"editor_notices":[],"footnotes":""},"class_list":["post-3126","page","type-page","status-publish","hentry"],"yoast_head":"<!-- This site is optimized with the Yoast SEO plugin v26.9 - https:\/\/yoast.com\/product\/yoast-seo-wordpress\/ -->\n<title>\u00c9v\u00e9nements et Conf\u00e9rences L&amp;D Docebo<\/title>\n<meta name=\"description\" content=\"Retrouvez Docebo lors des conf\u00e9rences et salons RH et L&amp;D. \u00c9changez avec nos experts, d\u00e9couvrez la plateforme et repartez avec des id\u00e9es.\" \/>\n<meta name=\"robots\" content=\"index, follow, max-snippet:-1, max-image-preview:large, max-video-preview:-1\" \/>\n<link rel=\"canonical\" href=\"https:\/\/www.docebo.com\/fr\/evenements\/\" \/>\n<meta property=\"og:locale\" content=\"fr_FR\" \/>\n<meta property=\"og:type\" content=\"article\" \/>\n<meta property=\"og:title\" content=\"\u00c9v\u00e9nements et Conf\u00e9rences L&amp;D Docebo\" \/>\n<meta property=\"og:description\" content=\"Retrouvez Docebo lors des conf\u00e9rences et salons RH et L&amp;D. \u00c9changez avec nos experts, d\u00e9couvrez la plateforme et repartez avec des id\u00e9es.\" \/>\n<meta property=\"og:url\" content=\"https:\/\/www.docebo.com\/fr\/evenements\/\" \/>\n<meta property=\"og:site_name\" content=\"Docebo\" \/>\n<meta property=\"article:publisher\" content=\"https:\/\/www.facebook.com\/Docebo\/\" \/>\n<meta property=\"article:modified_time\" content=\"2026-02-24T15:42:46+00:00\" \/>\n<meta name=\"twitter:card\" content=\"summary_large_image\" \/>\n<meta name=\"twitter:label1\" content=\"Est. reading time\" \/>\n\t<meta name=\"twitter:data1\" content=\"1 minute\" \/>\n<script type=\"application\/ld+json\" class=\"yoast-schema-graph\">{\"@context\":\"https:\/\/schema.org\",\"@graph\":[{\"@type\":\"WebPage\",\"@id\":\"https:\/\/www.docebo.com\/fr\/evenements\/\",\"url\":\"https:\/\/www.docebo.com\/fr\/evenements\/\",\"name\":\"\u00c9v\u00e9nements et Conf\u00e9rences L&D Docebo\",\"isPartOf\":{\"@id\":\"https:\/\/www.docebo.com\/fr\/#website\"},\"primaryImageOfPage\":{\"@id\":\"https:\/\/www.docebo.com\/fr\/evenements\/#primaryimage\"},\"image\":{\"@id\":\"https:\/\/www.docebo.com\/fr\/evenements\/#primaryimage\"},\"thumbnailUrl\":\"https:\/\/www.docebo.com\/tachyon\/sites\/2\/2025\/12\/events-hero.png\",\"datePublished\":\"2026-02-24T15:42:45+00:00\",\"dateModified\":\"2026-02-24T15:42:46+00:00\",\"description\":\"Retrouvez Docebo lors des conf\u00e9rences et salons RH et L&D. \u00c9changez avec nos experts, d\u00e9couvrez la plateforme et repartez avec des id\u00e9es.\",\"breadcrumb\":{\"@id\":\"https:\/\/www.docebo.com\/fr\/evenements\/#breadcrumb\"},\"inLanguage\":\"fr-FR\",\"potentialAction\":[{\"@type\":\"ReadAction\",\"target\":[\"https:\/\/www.docebo.com\/fr\/evenements\/\"]}]},{\"@type\":\"ImageObject\",\"inLanguage\":\"fr-FR\",\"@id\":\"https:\/\/www.docebo.com\/fr\/evenements\/#primaryimage\",\"url\":\"https:\/\/www.docebo.com\/tachyon\/sites\/2\/2025\/12\/events-hero.png\",\"contentUrl\":\"https:\/\/www.docebo.com\/tachyon\/sites\/2\/2025\/12\/events-hero.png\"},{\"@type\":\"BreadcrumbList\",\"@id\":\"https:\/\/www.docebo.com\/fr\/evenements\/#breadcrumb\",\"itemListElement\":[{\"@type\":\"ListItem\",\"position\":1,\"name\":\"Home\",\"item\":\"https:\/\/www.docebo.com\/fr\/\"},{\"@type\":\"ListItem\",\"position\":2,\"name\":\"\u00c9v\u00e9nements\"}]},{\"@type\":\"WebSite\",\"@id\":\"https:\/\/www.docebo.com\/fr\/#website\",\"url\":\"https:\/\/www.docebo.com\/fr\/\",\"name\":\"Docebo\",\"description\":\"\",\"publisher\":{\"@id\":\"https:\/\/www.docebo.com\/fr\/#organization\"},\"potentialAction\":[{\"@type\":\"SearchAction\",\"target\":{\"@type\":\"EntryPoint\",\"urlTemplate\":\"https:\/\/www.docebo.com\/fr\/?s={search_term_string}\"},\"query-input\":{\"@type\":\"PropertyValueSpecification\",\"valueRequired\":true,\"valueName\":\"search_term_string\"}}],\"inLanguage\":\"fr-FR\"},{\"@type\":\"Organization\",\"@id\":\"https:\/\/www.docebo.com\/fr\/#organization\",\"name\":\"Docebo\",\"url\":\"https:\/\/www.docebo.com\/fr\/\",\"logo\":{\"@type\":\"ImageObject\",\"inLanguage\":\"fr-FR\",\"@id\":\"https:\/\/www.docebo.com\/fr\/#\/schema\/logo\/image\/\",\"url\":\"https:\/\/www.docebo.com\/uploads\/sites\/2\/2025\/11\/logo-blue.svg\",\"contentUrl\":\"https:\/\/www.docebo.com\/uploads\/sites\/2\/2025\/11\/logo-blue.svg\",\"width\":392,\"height\":80,\"caption\":\"Docebo\"},\"image\":{\"@id\":\"https:\/\/www.docebo.com\/fr\/#\/schema\/logo\/image\/\"},\"sameAs\":[\"https:\/\/www.facebook.com\/Docebo\/\",\"https:\/\/www.youtube.com\/@DoceboLMS\",\"https:\/\/www.linkedin.com\/company\/docebo\/\"]}]}<\/script>\n<!-- \/ Yoast SEO plugin. -->","yoast_head_json":{"title":"\u00c9v\u00e9nements et Conf\u00e9rences L&D Docebo","description":"Retrouvez Docebo lors des conf\u00e9rences et salons RH et L&D. \u00c9changez avec nos experts, d\u00e9couvrez la plateforme et repartez avec des id\u00e9es.","robots":{"index":"index","follow":"follow","max-snippet":"max-snippet:-1","max-image-preview":"max-image-preview:large","max-video-preview":"max-video-preview:-1"},"canonical":"https:\/\/www.docebo.com\/fr\/evenements\/","og_locale":"fr_FR","og_type":"article","og_title":"\u00c9v\u00e9nements et Conf\u00e9rences L&D Docebo","og_description":"Retrouvez Docebo lors des conf\u00e9rences et salons RH et L&D. \u00c9changez avec nos experts, d\u00e9couvrez la plateforme et repartez avec des id\u00e9es.","og_url":"https:\/\/www.docebo.com\/fr\/evenements\/","og_site_name":"Docebo","article_publisher":"https:\/\/www.facebook.com\/Docebo\/","article_modified_time":"2026-02-24T15:42:46+00:00","twitter_card":"summary_large_image","twitter_misc":{"Est. reading time":"1 minute"},"schema":{"@context":"https:\/\/schema.org","@graph":[{"@type":"WebPage","@id":"https:\/\/www.docebo.com\/fr\/evenements\/","url":"https:\/\/www.docebo.com\/fr\/evenements\/","name":"\u00c9v\u00e9nements et Conf\u00e9rences L&D Docebo","isPartOf":{"@id":"https:\/\/www.docebo.com\/fr\/#website"},"primaryImageOfPage":{"@id":"https:\/\/www.docebo.com\/fr\/evenements\/#primaryimage"},"image":{"@id":"https:\/\/www.docebo.com\/fr\/evenements\/#primaryimage"},"thumbnailUrl":"https:\/\/www.docebo.com\/tachyon\/sites\/2\/2025\/12\/events-hero.png","datePublished":"2026-02-24T15:42:45+00:00","dateModified":"2026-02-24T15:42:46+00:00","description":"Retrouvez Docebo lors des conf\u00e9rences et salons RH et L&D. \u00c9changez avec nos experts, d\u00e9couvrez la plateforme et repartez avec des id\u00e9es.","breadcrumb":{"@id":"https:\/\/www.docebo.com\/fr\/evenements\/#breadcrumb"},"inLanguage":"fr-FR","potentialAction":[{"@type":"ReadAction","target":["https:\/\/www.docebo.com\/fr\/evenements\/"]}]},{"@type":"ImageObject","inLanguage":"fr-FR","@id":"https:\/\/www.docebo.com\/fr\/evenements\/#primaryimage","url":"https:\/\/www.docebo.com\/tachyon\/sites\/2\/2025\/12\/events-hero.png","contentUrl":"https:\/\/www.docebo.com\/tachyon\/sites\/2\/2025\/12\/events-hero.png"},{"@type":"BreadcrumbList","@id":"https:\/\/www.docebo.com\/fr\/evenements\/#breadcrumb","itemListElement":[{"@type":"ListItem","position":1,"name":"Home","item":"https:\/\/www.docebo.com\/fr\/"},{"@type":"ListItem","position":2,"name":"\u00c9v\u00e9nements"}]},{"@type":"WebSite","@id":"https:\/\/www.docebo.com\/fr\/#website","url":"https:\/\/www.docebo.com\/fr\/","name":"Docebo","description":"","publisher":{"@id":"https:\/\/www.docebo.com\/fr\/#organization"},"potentialAction":[{"@type":"SearchAction","target":{"@type":"EntryPoint","urlTemplate":"https:\/\/www.docebo.com\/fr\/?s={search_term_string}"},"query-input":{"@type":"PropertyValueSpecification","valueRequired":true,"valueName":"search_term_string"}}],"inLanguage":"fr-FR"},{"@type":"Organization","@id":"https:\/\/www.docebo.com\/fr\/#organization","name":"Docebo","url":"https:\/\/www.docebo.com\/fr\/","logo":{"@type":"ImageObject","inLanguage":"fr-FR","@id":"https:\/\/www.docebo.com\/fr\/#\/schema\/logo\/image\/","url":"https:\/\/www.docebo.com\/uploads\/sites\/2\/2025\/11\/logo-blue.svg","contentUrl":"https:\/\/www.docebo.com\/uploads\/sites\/2\/2025\/11\/logo-blue.svg","width":392,"height":80,"caption":"Docebo"},"image":{"@id":"https:\/\/www.docebo.com\/fr\/#\/schema\/logo\/image\/"},"sameAs":["https:\/\/www.facebook.com\/Docebo\/","https:\/\/www.youtube.com\/@DoceboLMS","https:\/\/www.linkedin.com\/company\/docebo\/"]}]}},"_links":{"self":[{"href":"https:\/\/www.docebo.com\/fr\/wp-json\/wp\/v2\/pages\/3126","targetHints":{"allow":["GET"]}}],"collection":[{"href":"https:\/\/www.docebo.com\/fr\/wp-json\/wp\/v2\/pages"}],"about":[{"href":"https:\/\/www.docebo.com\/fr\/wp-json\/wp\/v2\/types\/page"}],"author":[{"embeddable":true,"href":"https:\/\/www.docebo.com\/fr\/wp-json\/wp\/v2\/users\/37"}],"replies":[{"embeddable":true,"href":"https:\/\/www.docebo.com\/fr\/wp-json\/wp\/v2\/comments?post=3126"}],"version-history":[{"count":7,"href":"https:\/\/www.docebo.com\/fr\/wp-json\/wp\/v2\/pages\/3126\/revisions"}],"predecessor-version":[{"id":3139,"href":"https:\/\/www.docebo.com\/fr\/wp-json\/wp\/v2\/pages\/3126\/revisions\/3139"}],"wp:attachment":[{"href":"https:\/\/www.docebo.com\/fr\/wp-json\/wp\/v2\/media?parent=3126"}],"curies":[{"name":"wp","href":"https:\/\/api.w.org\/{rel}","templated":true}]}}