{"id":411,"date":"2025-12-10T08:32:58","date_gmt":"2025-12-10T08:32:58","guid":{"rendered":"urn:uuid:c120be5d-c40e-4d29-b1f8-5bf971f6af30"},"modified":"2026-01-08T01:14:16","modified_gmt":"2026-01-08T01:14:16","slug":"a-bientot","status":"publish","type":"page","link":"https:\/\/www.docebo.com\/fr\/a-bientot\/","title":{"rendered":"Merci et \u00e0 bient\u00f4t"},"content":{"rendered":"\n<header class=\"wp-block-group section section--hero-internal-no-eyebrow brcss-1766c229-mixlq4tt is-layout-constrained wp-block-group-is-layout-constrained\" style=\"margin-top:var(--wp--preset--spacing--150);margin-bottom:var(--wp--preset--spacing--150)\">\n<h1 class=\"wp-block-heading has-text-align-center\" style=\"margin-top:var(--wp--preset--spacing--40);margin-bottom:var(--wp--preset--spacing--40)\">Merci !<\/h1>\n\n\n\n<div class=\"wp-block-group grid-3-2-1 is-layout-grid wp-container-core-group-is-layout-1d17308c wp-block-group-is-layout-grid\">\n<div class=\"wp-block-group hero-internal__cta-elements wp-container-content-93ed1c69 is-vertical is-content-justification-center is-layout-flex wp-container-core-group-is-layout-ebc5bfba wp-block-group-is-layout-flex\">\n<p class=\"has-text-align-center has-lead-paragraph-font-size wp-block-paragraph\">Nous avons re\u00e7u votre demande et sommes impatients de pouvoir vous aider \u00e0 profiter pleinement de la puissance de la formation. \u00c0 bient\u00f4t !<\/p>\n\n\n\n<div class=\"wp-block-buttons brcss-be9f27dc-mi92fj19 is-layout-flex wp-container-core-buttons-is-layout-7db6d9ff wp-block-buttons-is-layout-flex\">\n<div class=\"wp-block-button brcss-78214984-mi92ecdk\"><a class=\"wp-block-button__link wp-element-button\" href=\"\/fr\/clients\/\" style=\"padding-top:var(--wp--preset--spacing--40);padding-bottom:var(--wp--preset--spacing--40);font-style:normal;font-weight:500\">Lisez les t\u00e9moignages clients<\/a><\/div>\n<\/div>\n<\/div>\n<\/div>\n<\/header>\n\n\n\n<script data-wp-block-html=\"js\">\nvar pagetype=\"typage\";\n<\/script>\n","protected":false},"excerpt":{"rendered":"<p>Merci ! Nous avons re\u00e7u votre demande et sommes impatients de pouvoir vous aider \u00e0 profiter pleinement de la puissance de la formation. \u00c0 bient\u00f4t !<\/p>\n","protected":false},"author":2,"featured_media":0,"parent":0,"menu_order":0,"comment_status":"closed","ping_status":"closed","template":"","meta":{"alternate_url":"","alternate_url_open_new_tab":false,"_crdt_document":"","_trash_the_other_posts":false,"editor_notices":[],"footnotes":""},"class_list":["post-411","page","type-page","status-publish","hentry"],"yoast_head":"<!-- This site is optimized with the Yoast SEO plugin v26.9 - https:\/\/yoast.com\/product\/yoast-seo-wordpress\/ -->\n<title>Merci | Docebo<\/title>\n<meta name=\"robots\" content=\"index, follow, max-snippet:-1, max-image-preview:large, max-video-preview:-1\" \/>\n<link rel=\"canonical\" href=\"https:\/\/www.docebo.com\/fr\/a-bientot\/\" \/>\n<meta property=\"og:locale\" content=\"fr_FR\" \/>\n<meta property=\"og:type\" content=\"article\" \/>\n<meta property=\"og:title\" content=\"Merci | Docebo\" \/>\n<meta property=\"og:description\" content=\"Merci ! Nous avons re\u00e7u votre demande et sommes impatients de pouvoir vous aider \u00e0 profiter pleinement de la puissance de la formation. \u00c0 bient\u00f4t !\" \/>\n<meta property=\"og:url\" content=\"https:\/\/www.docebo.com\/fr\/a-bientot\/\" \/>\n<meta property=\"og:site_name\" content=\"Docebo\" \/>\n<meta property=\"article:publisher\" content=\"https:\/\/www.facebook.com\/Docebo\/\" \/>\n<meta property=\"article:modified_time\" content=\"2026-01-08T01:14:16+00:00\" \/>\n<meta name=\"twitter:card\" content=\"summary_large_image\" \/>\n<meta name=\"twitter:label1\" content=\"Est. reading time\" \/>\n\t<meta name=\"twitter:data1\" content=\"1 minute\" \/>\n<script type=\"application\/ld+json\" class=\"yoast-schema-graph\">{\"@context\":\"https:\/\/schema.org\",\"@graph\":[{\"@type\":\"WebPage\",\"@id\":\"https:\/\/www.docebo.com\/fr\/a-bientot\/\",\"url\":\"https:\/\/www.docebo.com\/fr\/a-bientot\/\",\"name\":\"Merci | Docebo\",\"isPartOf\":{\"@id\":\"https:\/\/www.docebo.com\/fr\/#website\"},\"datePublished\":\"2025-12-10T08:32:58+00:00\",\"dateModified\":\"2026-01-08T01:14:16+00:00\",\"breadcrumb\":{\"@id\":\"https:\/\/www.docebo.com\/fr\/a-bientot\/#breadcrumb\"},\"inLanguage\":\"fr-FR\",\"potentialAction\":[{\"@type\":\"ReadAction\",\"target\":[\"https:\/\/www.docebo.com\/fr\/a-bientot\/\"]}]},{\"@type\":\"BreadcrumbList\",\"@id\":\"https:\/\/www.docebo.com\/fr\/a-bientot\/#breadcrumb\",\"itemListElement\":[{\"@type\":\"ListItem\",\"position\":1,\"name\":\"Home\",\"item\":\"https:\/\/www.docebo.com\/fr\/\"},{\"@type\":\"ListItem\",\"position\":2,\"name\":\"Merci et \u00e0 bient\u00f4t\"}]},{\"@type\":\"WebSite\",\"@id\":\"https:\/\/www.docebo.com\/fr\/#website\",\"url\":\"https:\/\/www.docebo.com\/fr\/\",\"name\":\"Docebo\",\"description\":\"\",\"publisher\":{\"@id\":\"https:\/\/www.docebo.com\/fr\/#organization\"},\"potentialAction\":[{\"@type\":\"SearchAction\",\"target\":{\"@type\":\"EntryPoint\",\"urlTemplate\":\"https:\/\/www.docebo.com\/fr\/?s={search_term_string}\"},\"query-input\":{\"@type\":\"PropertyValueSpecification\",\"valueRequired\":true,\"valueName\":\"search_term_string\"}}],\"inLanguage\":\"fr-FR\"},{\"@type\":\"Organization\",\"@id\":\"https:\/\/www.docebo.com\/fr\/#organization\",\"name\":\"Docebo\",\"url\":\"https:\/\/www.docebo.com\/fr\/\",\"logo\":{\"@type\":\"ImageObject\",\"inLanguage\":\"fr-FR\",\"@id\":\"https:\/\/www.docebo.com\/fr\/#\/schema\/logo\/image\/\",\"url\":\"https:\/\/www.docebo.com\/uploads\/sites\/2\/2025\/11\/logo-blue.svg\",\"contentUrl\":\"https:\/\/www.docebo.com\/uploads\/sites\/2\/2025\/11\/logo-blue.svg\",\"width\":392,\"height\":80,\"caption\":\"Docebo\"},\"image\":{\"@id\":\"https:\/\/www.docebo.com\/fr\/#\/schema\/logo\/image\/\"},\"sameAs\":[\"https:\/\/www.facebook.com\/Docebo\/\",\"https:\/\/www.youtube.com\/@DoceboLMS\",\"https:\/\/www.linkedin.com\/company\/docebo\/\"]}]}<\/script>\n<!-- \/ Yoast SEO plugin. -->","yoast_head_json":{"title":"Merci | Docebo","robots":{"index":"index","follow":"follow","max-snippet":"max-snippet:-1","max-image-preview":"max-image-preview:large","max-video-preview":"max-video-preview:-1"},"canonical":"https:\/\/www.docebo.com\/fr\/a-bientot\/","og_locale":"fr_FR","og_type":"article","og_title":"Merci | Docebo","og_description":"Merci ! Nous avons re\u00e7u votre demande et sommes impatients de pouvoir vous aider \u00e0 profiter pleinement de la puissance de la formation. \u00c0 bient\u00f4t !","og_url":"https:\/\/www.docebo.com\/fr\/a-bientot\/","og_site_name":"Docebo","article_publisher":"https:\/\/www.facebook.com\/Docebo\/","article_modified_time":"2026-01-08T01:14:16+00:00","twitter_card":"summary_large_image","twitter_misc":{"Est. reading time":"1 minute"},"schema":{"@context":"https:\/\/schema.org","@graph":[{"@type":"WebPage","@id":"https:\/\/www.docebo.com\/fr\/a-bientot\/","url":"https:\/\/www.docebo.com\/fr\/a-bientot\/","name":"Merci | Docebo","isPartOf":{"@id":"https:\/\/www.docebo.com\/fr\/#website"},"datePublished":"2025-12-10T08:32:58+00:00","dateModified":"2026-01-08T01:14:16+00:00","breadcrumb":{"@id":"https:\/\/www.docebo.com\/fr\/a-bientot\/#breadcrumb"},"inLanguage":"fr-FR","potentialAction":[{"@type":"ReadAction","target":["https:\/\/www.docebo.com\/fr\/a-bientot\/"]}]},{"@type":"BreadcrumbList","@id":"https:\/\/www.docebo.com\/fr\/a-bientot\/#breadcrumb","itemListElement":[{"@type":"ListItem","position":1,"name":"Home","item":"https:\/\/www.docebo.com\/fr\/"},{"@type":"ListItem","position":2,"name":"Merci et \u00e0 bient\u00f4t"}]},{"@type":"WebSite","@id":"https:\/\/www.docebo.com\/fr\/#website","url":"https:\/\/www.docebo.com\/fr\/","name":"Docebo","description":"","publisher":{"@id":"https:\/\/www.docebo.com\/fr\/#organization"},"potentialAction":[{"@type":"SearchAction","target":{"@type":"EntryPoint","urlTemplate":"https:\/\/www.docebo.com\/fr\/?s={search_term_string}"},"query-input":{"@type":"PropertyValueSpecification","valueRequired":true,"valueName":"search_term_string"}}],"inLanguage":"fr-FR"},{"@type":"Organization","@id":"https:\/\/www.docebo.com\/fr\/#organization","name":"Docebo","url":"https:\/\/www.docebo.com\/fr\/","logo":{"@type":"ImageObject","inLanguage":"fr-FR","@id":"https:\/\/www.docebo.com\/fr\/#\/schema\/logo\/image\/","url":"https:\/\/www.docebo.com\/uploads\/sites\/2\/2025\/11\/logo-blue.svg","contentUrl":"https:\/\/www.docebo.com\/uploads\/sites\/2\/2025\/11\/logo-blue.svg","width":392,"height":80,"caption":"Docebo"},"image":{"@id":"https:\/\/www.docebo.com\/fr\/#\/schema\/logo\/image\/"},"sameAs":["https:\/\/www.facebook.com\/Docebo\/","https:\/\/www.youtube.com\/@DoceboLMS","https:\/\/www.linkedin.com\/company\/docebo\/"]}]}},"_links":{"self":[{"href":"https:\/\/www.docebo.com\/fr\/wp-json\/wp\/v2\/pages\/411","targetHints":{"allow":["GET"]}}],"collection":[{"href":"https:\/\/www.docebo.com\/fr\/wp-json\/wp\/v2\/pages"}],"about":[{"href":"https:\/\/www.docebo.com\/fr\/wp-json\/wp\/v2\/types\/page"}],"author":[{"embeddable":true,"href":"https:\/\/www.docebo.com\/fr\/wp-json\/wp\/v2\/users\/2"}],"replies":[{"embeddable":true,"href":"https:\/\/www.docebo.com\/fr\/wp-json\/wp\/v2\/comments?post=411"}],"version-history":[{"count":6,"href":"https:\/\/www.docebo.com\/fr\/wp-json\/wp\/v2\/pages\/411\/revisions"}],"predecessor-version":[{"id":2298,"href":"https:\/\/www.docebo.com\/fr\/wp-json\/wp\/v2\/pages\/411\/revisions\/2298"}],"wp:attachment":[{"href":"https:\/\/www.docebo.com\/fr\/wp-json\/wp\/v2\/media?parent=411"}],"curies":[{"name":"wp","href":"https:\/\/api.w.org\/{rel}","templated":true}]}}