{"id":414,"date":"2025-12-19T17:52:37","date_gmt":"2025-12-19T17:52:37","guid":{"rendered":"urn:uuid:c1e845e7-e39a-44b6-ac3a-efb843961d15"},"modified":"2026-02-18T14:09:34","modified_gmt":"2026-02-18T14:09:34","slug":"recevoir-un-devis","status":"publish","type":"page","link":"https:\/\/www.docebo.com\/fr\/recevoir-un-devis\/","title":{"rendered":"Demandez un devis"},"content":{"rendered":"\n<div class=\"wp-block-group section is-style-default brcss-8486396f-mjd61kyc is-layout-constrained wp-block-group-is-layout-constrained\" style=\"margin-top:var(--wp--preset--spacing--70);margin-bottom:var(--wp--preset--spacing--70)\">\n<div class=\"wp-block-group has-white-background-color has-background is-layout-constrained wp-container-core-group-is-layout-e38500a2 wp-block-group-is-layout-constrained\" style=\"border-top-left-radius:var(--wp--preset--border-radius--xl);border-top-right-radius:var(--wp--preset--border-radius--xl);border-bottom-left-radius:var(--wp--preset--border-radius--xl);border-bottom-right-radius:var(--wp--preset--border-radius--xl);padding-top:0;padding-right:0;padding-bottom:0;padding-left:0\">\n<div class=\"wp-block-columns has-neutral-lightest-background-color has-background is-layout-flex wp-container-core-columns-is-layout-a32543ae wp-block-columns-is-layout-flex\" style=\"border-top-left-radius:var(--wp--preset--border-radius--xl);border-top-right-radius:var(--wp--preset--border-radius--xl);border-bottom-left-radius:var(--wp--preset--border-radius--xl);border-bottom-right-radius:var(--wp--preset--border-radius--xl);margin-top:0;margin-bottom:0;padding-top:0;padding-right:0;padding-bottom:0;padding-left:0\">\n<div class=\"wp-block-column brcss-d85fdc77-mhmjdtoq is-layout-flow wp-block-column-is-layout-flow\" style=\"padding-top:var(--wp--preset--spacing--80);padding-bottom:var(--wp--preset--spacing--80);padding-left:var(--wp--preset--spacing--80)\">\n<div class=\"wp-block-group is-layout-constrained wp-block-group-is-layout-constrained\">\n<div class=\"wp-block-group is-vertical is-content-justification-stretch is-nowrap is-layout-flex wp-container-core-group-is-layout-d0dea1ba wp-block-group-is-layout-flex\">\n<div class=\"wp-block-group is-layout-constrained wp-block-group-is-layout-constrained\">\n<h2 class=\"wp-block-heading\">Demandez un devis<\/h2>\n\n\n\n<p class=\"wp-block-paragraph\">Cr\u00e9ez des programmes d&rsquo;apprentissage qui stimulent l&rsquo;engagement, la productivit\u00e9, la promotion et la connexion avec vos employ\u00e9s, clients et partenaires.<\/p>\n<\/div>\n\n\n\n<script charset=\"utf-8\" type=\"text\/javascript\" src=\"https:\/\/js.hsforms.net\/forms\/embed\/v2.js\"><\/script>\n\n<script>\n  hbspt.forms.create({\n    region: \"na1\",\n    portalId: \"2016752\",\n    formId: \"572a5602-efdc-48be-b4ad-15d3d34b38b8\",\n  });\n<\/script>\n\n<script src=\"https:\/\/js.chilipiper.com\/marketing.js\" type=\"text\/javascript\"><\/script>\n\n<script>\n  var cpTenantDomain = \"docebo\";\n  var cpRouterName = \"french_router\";\n  var cpHSDataFormIDs = [\"572a5602-efdc-48be-b4ad-15d3d34b38b8\"];\n\n  window.addEventListener(\"message\", function (event) {\n    if (cpHSDataFormIDs.length > 0 && !cpHSDataFormIDs.includes(event.data.id)) return;\n    if (event.data.type === \"hsFormCallback\" && event.data.eventName === \"onFormSubmitted\") {\n      var lead = event.data.data.submissionValues;\n      for (var key in lead) {\n        if (Array.isArray(lead[key])) {\n          lead[key] = lead[key].toString().replaceAll(\",\", \";\");\n        }\n      }\n      ChiliPiper.submit(cpTenantDomain, cpRouterName, { map: true, lead: lead });\n    }\n  });\n<\/script>\n\n\n\n\n\n<div class=\"wp-block-group is-layout-constrained wp-block-group-is-layout-constrained\">\n<p class=\"has-neutral-darkest-color has-text-color has-link-color has-body-font-size wp-elements-f13be5a7ecff2ec2a13acd5de7cf9e0f wp-block-paragraph\">La confiance des meilleures entreprises du monde<\/p>\n\n\n\n<div class=\"wp-block-group is-layout-grid wp-container-core-group-is-layout-73735f74 wp-block-group-is-layout-grid\">\n<figure class=\"wp-block-image size-full is-style-monotone\"><img loading=\"lazy\" decoding=\"async\" width=\"800\" height=\"144\" src=\"https:\/\/www.docebo.com\/uploads\/sites\/2\/2025\/12\/LOreal_logo.svg\" alt=\"\" class=\"wp-image-509\"\/><\/figure>\n\n\n\n<figure class=\"wp-block-image size-full is-style-monotone\"><img loading=\"lazy\" decoding=\"async\" width=\"148\" height=\"56\" src=\"https:\/\/www.docebo.com\/uploads\/sites\/2\/2025\/12\/Rexel_logo.svg\" alt=\"\" class=\"wp-image-465\" style=\"object-fit:cover\"\/><\/figure>\n\n\n\n<figure class=\"wp-block-image size-full is-style-monotone wp-container-content-a7057f16\"><img loading=\"lazy\" decoding=\"async\" width=\"608\" height=\"182\" src=\"https:\/\/www.docebo.com\/uploads\/sites\/2\/2025\/12\/AWS_Logo_wide.svg\" alt=\"\" class=\"wp-image-513\"\/><\/figure>\n\n\n\n<figure class=\"wp-block-image size-full is-style-monotone\"><img loading=\"lazy\" decoding=\"async\" width=\"1000\" height=\"224\" src=\"https:\/\/www.docebo.com\/uploads\/sites\/2\/2025\/11\/zoom.svg\" alt=\"\" class=\"wp-image-511\"\/><\/figure>\n<\/div>\n<\/div>\n<\/div>\n<\/div>\n<\/div>\n\n\n\n<div class=\"wp-block-column is-layout-flow wp-block-column-is-layout-flow\" style=\"flex-basis:50%\">\n<div class=\"wp-block-cover is-light brcss-5d69f452-mhnv2qdv\" style=\"border-top-left-radius:0;border-top-right-radius:var(--wp--preset--border-radius--xl);border-bottom-right-radius:var(--wp--preset--border-radius--xl);min-height:343px;aspect-ratio:unset;\"><img loading=\"lazy\" decoding=\"async\" width=\"560\" height=\"982\" class=\"wp-block-cover__image-background wp-image-3055 size-full\" alt=\"\" src=\"https:\/\/www.docebo.com\/tachyon\/sites\/2\/2026\/02\/form-image.webp\" data-object-fit=\"cover\"\/><span aria-hidden=\"true\" class=\"wp-block-cover__background has-background-dim-0 has-background-dim\"><\/span><div class=\"wp-block-cover__inner-container is-layout-constrained wp-block-cover-is-layout-constrained\">\n<p class=\"has-text-align-center has-large-font-size wp-block-paragraph\"><\/p>\n<\/div><\/div>\n<\/div>\n<\/div>\n<\/div>\n<\/div>\n","protected":false},"excerpt":{"rendered":"<p>Demandez un devis Cr\u00e9ez des programmes d&rsquo;apprentissage qui stimulent l&rsquo;engagement, la productivit\u00e9, la promotion et la connexion avec vos employ\u00e9s, clients et partenaires. La confiance des meilleures entreprises du monde<\/p>\n","protected":false},"author":2,"featured_media":0,"parent":0,"menu_order":0,"comment_status":"closed","ping_status":"closed","template":"","meta":{"alternate_url":"","alternate_url_open_new_tab":false,"_crdt_document":"","_trash_the_other_posts":false,"editor_notices":[],"footnotes":""},"class_list":["post-414","page","type-page","status-publish","hentry"],"yoast_head":"<!-- This site is optimized with the Yoast SEO plugin v26.9 - https:\/\/yoast.com\/product\/yoast-seo-wordpress\/ -->\n<title>Recevez un devis LMS personnalis\u00e9 | Docebo<\/title>\n<meta name=\"description\" content=\"Recevez un devis pour le syst\u00e8me de gestion de l\u2019apprentissage tout compris de Docebo. Offrez \u00e0 votre entreprise une solution LMS personnalis\u00e9e et avantageuse gr\u00e2ce \u00e0 nos options tarifaires sur mesure.\" \/>\n<meta name=\"robots\" content=\"index, follow, max-snippet:-1, max-image-preview:large, max-video-preview:-1\" \/>\n<link rel=\"canonical\" href=\"https:\/\/www.docebo.com\/fr\/recevoir-un-devis\/\" \/>\n<meta property=\"og:locale\" content=\"fr_FR\" \/>\n<meta property=\"og:type\" content=\"article\" \/>\n<meta property=\"og:title\" content=\"Recevez un devis LMS personnalis\u00e9 | Docebo\" \/>\n<meta property=\"og:description\" content=\"Recevez un devis pour le syst\u00e8me de gestion de l\u2019apprentissage tout compris de Docebo. Offrez \u00e0 votre entreprise une solution LMS personnalis\u00e9e et avantageuse gr\u00e2ce \u00e0 nos options tarifaires sur mesure.\" \/>\n<meta property=\"og:url\" content=\"https:\/\/www.docebo.com\/fr\/recevoir-un-devis\/\" \/>\n<meta property=\"og:site_name\" content=\"Docebo\" \/>\n<meta property=\"article:publisher\" content=\"https:\/\/www.facebook.com\/Docebo\/\" \/>\n<meta property=\"article:modified_time\" content=\"2026-02-18T14:09:34+00:00\" \/>\n<meta property=\"og:image\" content=\"https:\/\/www.docebo.com\/uploads\/sites\/2\/2025\/12\/LOreal_logo.svg\" \/>\n<meta name=\"twitter:card\" content=\"summary_large_image\" \/>\n<meta name=\"twitter:label1\" content=\"Est. reading time\" \/>\n\t<meta name=\"twitter:data1\" content=\"2 minutes\" \/>\n<script type=\"application\/ld+json\" class=\"yoast-schema-graph\">{\"@context\":\"https:\/\/schema.org\",\"@graph\":[{\"@type\":\"WebPage\",\"@id\":\"https:\/\/www.docebo.com\/fr\/recevoir-un-devis\/\",\"url\":\"https:\/\/www.docebo.com\/fr\/recevoir-un-devis\/\",\"name\":\"Recevez un devis LMS personnalis\u00e9 | Docebo\",\"isPartOf\":{\"@id\":\"https:\/\/www.docebo.com\/fr\/#website\"},\"primaryImageOfPage\":{\"@id\":\"https:\/\/www.docebo.com\/fr\/recevoir-un-devis\/#primaryimage\"},\"image\":{\"@id\":\"https:\/\/www.docebo.com\/fr\/recevoir-un-devis\/#primaryimage\"},\"thumbnailUrl\":\"https:\/\/www.docebo.com\/uploads\/sites\/2\/2025\/12\/LOreal_logo.svg\",\"datePublished\":\"2025-12-19T17:52:37+00:00\",\"dateModified\":\"2026-02-18T14:09:34+00:00\",\"description\":\"Recevez un devis pour le syst\u00e8me de gestion de l\u2019apprentissage tout compris de Docebo. Offrez \u00e0 votre entreprise une solution LMS personnalis\u00e9e et avantageuse gr\u00e2ce \u00e0 nos options tarifaires sur mesure.\",\"breadcrumb\":{\"@id\":\"https:\/\/www.docebo.com\/fr\/recevoir-un-devis\/#breadcrumb\"},\"inLanguage\":\"fr-FR\",\"potentialAction\":[{\"@type\":\"ReadAction\",\"target\":[\"https:\/\/www.docebo.com\/fr\/recevoir-un-devis\/\"]}]},{\"@type\":\"ImageObject\",\"inLanguage\":\"fr-FR\",\"@id\":\"https:\/\/www.docebo.com\/fr\/recevoir-un-devis\/#primaryimage\",\"url\":\"https:\/\/www.docebo.com\/uploads\/sites\/2\/2025\/12\/LOreal_logo.svg\",\"contentUrl\":\"https:\/\/www.docebo.com\/uploads\/sites\/2\/2025\/12\/LOreal_logo.svg\"},{\"@type\":\"BreadcrumbList\",\"@id\":\"https:\/\/www.docebo.com\/fr\/recevoir-un-devis\/#breadcrumb\",\"itemListElement\":[{\"@type\":\"ListItem\",\"position\":1,\"name\":\"Home\",\"item\":\"https:\/\/www.docebo.com\/fr\/\"},{\"@type\":\"ListItem\",\"position\":2,\"name\":\"Demandez un devis\"}]},{\"@type\":\"WebSite\",\"@id\":\"https:\/\/www.docebo.com\/fr\/#website\",\"url\":\"https:\/\/www.docebo.com\/fr\/\",\"name\":\"Docebo\",\"description\":\"\",\"publisher\":{\"@id\":\"https:\/\/www.docebo.com\/fr\/#organization\"},\"potentialAction\":[{\"@type\":\"SearchAction\",\"target\":{\"@type\":\"EntryPoint\",\"urlTemplate\":\"https:\/\/www.docebo.com\/fr\/?s={search_term_string}\"},\"query-input\":{\"@type\":\"PropertyValueSpecification\",\"valueRequired\":true,\"valueName\":\"search_term_string\"}}],\"inLanguage\":\"fr-FR\"},{\"@type\":\"Organization\",\"@id\":\"https:\/\/www.docebo.com\/fr\/#organization\",\"name\":\"Docebo\",\"url\":\"https:\/\/www.docebo.com\/fr\/\",\"logo\":{\"@type\":\"ImageObject\",\"inLanguage\":\"fr-FR\",\"@id\":\"https:\/\/www.docebo.com\/fr\/#\/schema\/logo\/image\/\",\"url\":\"https:\/\/www.docebo.com\/uploads\/sites\/2\/2025\/11\/logo-blue.svg\",\"contentUrl\":\"https:\/\/www.docebo.com\/uploads\/sites\/2\/2025\/11\/logo-blue.svg\",\"width\":392,\"height\":80,\"caption\":\"Docebo\"},\"image\":{\"@id\":\"https:\/\/www.docebo.com\/fr\/#\/schema\/logo\/image\/\"},\"sameAs\":[\"https:\/\/www.facebook.com\/Docebo\/\",\"https:\/\/www.youtube.com\/@DoceboLMS\",\"https:\/\/www.linkedin.com\/company\/docebo\/\"]}]}<\/script>\n<!-- \/ Yoast SEO plugin. -->","yoast_head_json":{"title":"Recevez un devis LMS personnalis\u00e9 | Docebo","description":"Recevez un devis pour le syst\u00e8me de gestion de l\u2019apprentissage tout compris de Docebo. Offrez \u00e0 votre entreprise une solution LMS personnalis\u00e9e et avantageuse gr\u00e2ce \u00e0 nos options tarifaires sur mesure.","robots":{"index":"index","follow":"follow","max-snippet":"max-snippet:-1","max-image-preview":"max-image-preview:large","max-video-preview":"max-video-preview:-1"},"canonical":"https:\/\/www.docebo.com\/fr\/recevoir-un-devis\/","og_locale":"fr_FR","og_type":"article","og_title":"Recevez un devis LMS personnalis\u00e9 | Docebo","og_description":"Recevez un devis pour le syst\u00e8me de gestion de l\u2019apprentissage tout compris de Docebo. Offrez \u00e0 votre entreprise une solution LMS personnalis\u00e9e et avantageuse gr\u00e2ce \u00e0 nos options tarifaires sur mesure.","og_url":"https:\/\/www.docebo.com\/fr\/recevoir-un-devis\/","og_site_name":"Docebo","article_publisher":"https:\/\/www.facebook.com\/Docebo\/","article_modified_time":"2026-02-18T14:09:34+00:00","og_image":[{"url":"https:\/\/www.docebo.com\/uploads\/sites\/2\/2025\/12\/LOreal_logo.svg","type":"","width":"","height":""}],"twitter_card":"summary_large_image","twitter_misc":{"Est. reading time":"2 minutes"},"schema":{"@context":"https:\/\/schema.org","@graph":[{"@type":"WebPage","@id":"https:\/\/www.docebo.com\/fr\/recevoir-un-devis\/","url":"https:\/\/www.docebo.com\/fr\/recevoir-un-devis\/","name":"Recevez un devis LMS personnalis\u00e9 | Docebo","isPartOf":{"@id":"https:\/\/www.docebo.com\/fr\/#website"},"primaryImageOfPage":{"@id":"https:\/\/www.docebo.com\/fr\/recevoir-un-devis\/#primaryimage"},"image":{"@id":"https:\/\/www.docebo.com\/fr\/recevoir-un-devis\/#primaryimage"},"thumbnailUrl":"https:\/\/www.docebo.com\/uploads\/sites\/2\/2025\/12\/LOreal_logo.svg","datePublished":"2025-12-19T17:52:37+00:00","dateModified":"2026-02-18T14:09:34+00:00","description":"Recevez un devis pour le syst\u00e8me de gestion de l\u2019apprentissage tout compris de Docebo. Offrez \u00e0 votre entreprise une solution LMS personnalis\u00e9e et avantageuse gr\u00e2ce \u00e0 nos options tarifaires sur mesure.","breadcrumb":{"@id":"https:\/\/www.docebo.com\/fr\/recevoir-un-devis\/#breadcrumb"},"inLanguage":"fr-FR","potentialAction":[{"@type":"ReadAction","target":["https:\/\/www.docebo.com\/fr\/recevoir-un-devis\/"]}]},{"@type":"ImageObject","inLanguage":"fr-FR","@id":"https:\/\/www.docebo.com\/fr\/recevoir-un-devis\/#primaryimage","url":"https:\/\/www.docebo.com\/uploads\/sites\/2\/2025\/12\/LOreal_logo.svg","contentUrl":"https:\/\/www.docebo.com\/uploads\/sites\/2\/2025\/12\/LOreal_logo.svg"},{"@type":"BreadcrumbList","@id":"https:\/\/www.docebo.com\/fr\/recevoir-un-devis\/#breadcrumb","itemListElement":[{"@type":"ListItem","position":1,"name":"Home","item":"https:\/\/www.docebo.com\/fr\/"},{"@type":"ListItem","position":2,"name":"Demandez un devis"}]},{"@type":"WebSite","@id":"https:\/\/www.docebo.com\/fr\/#website","url":"https:\/\/www.docebo.com\/fr\/","name":"Docebo","description":"","publisher":{"@id":"https:\/\/www.docebo.com\/fr\/#organization"},"potentialAction":[{"@type":"SearchAction","target":{"@type":"EntryPoint","urlTemplate":"https:\/\/www.docebo.com\/fr\/?s={search_term_string}"},"query-input":{"@type":"PropertyValueSpecification","valueRequired":true,"valueName":"search_term_string"}}],"inLanguage":"fr-FR"},{"@type":"Organization","@id":"https:\/\/www.docebo.com\/fr\/#organization","name":"Docebo","url":"https:\/\/www.docebo.com\/fr\/","logo":{"@type":"ImageObject","inLanguage":"fr-FR","@id":"https:\/\/www.docebo.com\/fr\/#\/schema\/logo\/image\/","url":"https:\/\/www.docebo.com\/uploads\/sites\/2\/2025\/11\/logo-blue.svg","contentUrl":"https:\/\/www.docebo.com\/uploads\/sites\/2\/2025\/11\/logo-blue.svg","width":392,"height":80,"caption":"Docebo"},"image":{"@id":"https:\/\/www.docebo.com\/fr\/#\/schema\/logo\/image\/"},"sameAs":["https:\/\/www.facebook.com\/Docebo\/","https:\/\/www.youtube.com\/@DoceboLMS","https:\/\/www.linkedin.com\/company\/docebo\/"]}]}},"_links":{"self":[{"href":"https:\/\/www.docebo.com\/fr\/wp-json\/wp\/v2\/pages\/414","targetHints":{"allow":["GET"]}}],"collection":[{"href":"https:\/\/www.docebo.com\/fr\/wp-json\/wp\/v2\/pages"}],"about":[{"href":"https:\/\/www.docebo.com\/fr\/wp-json\/wp\/v2\/types\/page"}],"author":[{"embeddable":true,"href":"https:\/\/www.docebo.com\/fr\/wp-json\/wp\/v2\/users\/2"}],"replies":[{"embeddable":true,"href":"https:\/\/www.docebo.com\/fr\/wp-json\/wp\/v2\/comments?post=414"}],"version-history":[{"count":9,"href":"https:\/\/www.docebo.com\/fr\/wp-json\/wp\/v2\/pages\/414\/revisions"}],"predecessor-version":[{"id":3057,"href":"https:\/\/www.docebo.com\/fr\/wp-json\/wp\/v2\/pages\/414\/revisions\/3057"}],"wp:attachment":[{"href":"https:\/\/www.docebo.com\/fr\/wp-json\/wp\/v2\/media?parent=414"}],"curies":[{"name":"wp","href":"https:\/\/api.w.org\/{rel}","templated":true}]}}